{"id":617,"date":"2026-04-08T20:45:02","date_gmt":"2026-04-08T20:45:02","guid":{"rendered":"https:\/\/straganik.art\/?post_type=product&#038;p=617"},"modified":"2026-04-09T06:53:55","modified_gmt":"2026-04-09T06:53:55","slug":"zestaw-gipsowych-pudelek","status":"publish","type":"product","link":"https:\/\/straganik.art\/index.php\/produkt\/zestaw-gipsowych-pudelek\/","title":{"rendered":"Zestaw gipsowych pude\u0142ek"},"content":{"rendered":"<p>Pude\u0142ka w kolorze szarym z delikatnymi ma\u017ani\u0119ciami koloru czarnego. Lakierowane na wysoki po\u0142ysk. Nadaj\u0105 si\u0119 do przechowywania drobnych rzeczy.<\/p>\n<p>Wymiary:<\/p>\n<p>&#8211; 6.5cm wysoko\u015b\u0107<\/p>\n<p>&#8211; 7cm szeroko\u015b\u0107<\/p>\n<p>Ilo\u015b\u0107 w zestawie: 3sztuki<\/p>\n","protected":false},"excerpt":{"rendered":"<p>Zestaw 3szt. gipsowych pude\u0142ek<\/p>\n","protected":false},"featured_media":621,"template":"","meta":[],"product_brand":[],"product_cat":[33],"product_tag":[],"class_list":{"0":"post-617","1":"product","2":"type-product","3":"status-publish","4":"has-post-thumbnail","6":"product_cat-dodatki","8":"first","9":"instock","10":"shipping-taxable","11":"purchasable","12":"product-type-simple"},"_links":{"self":[{"href":"https:\/\/straganik.art\/index.php\/wp-json\/wp\/v2\/product\/617","targetHints":{"allow":["GET"]}}],"collection":[{"href":"https:\/\/straganik.art\/index.php\/wp-json\/wp\/v2\/product"}],"about":[{"href":"https:\/\/straganik.art\/index.php\/wp-json\/wp\/v2\/types\/product"}],"wp:featuredmedia":[{"embeddable":true,"href":"https:\/\/straganik.art\/index.php\/wp-json\/wp\/v2\/media\/621"}],"wp:attachment":[{"href":"https:\/\/straganik.art\/index.php\/wp-json\/wp\/v2\/media?parent=617"}],"wp:term":[{"taxonomy":"product_brand","embeddable":true,"href":"https:\/\/straganik.art\/index.php\/wp-json\/wp\/v2\/product_brand?post=617"},{"taxonomy":"product_cat","embeddable":true,"href":"https:\/\/straganik.art\/index.php\/wp-json\/wp\/v2\/product_cat?post=617"},{"taxonomy":"product_tag","embeddable":true,"href":"https:\/\/straganik.art\/index.php\/wp-json\/wp\/v2\/product_tag?post=617"}],"curies":[{"name":"wp","href":"https:\/\/api.w.org\/{rel}","templated":true}]}}