{"id":614,"date":"2026-04-08T20:31:55","date_gmt":"2026-04-08T20:31:55","guid":{"rendered":"https:\/\/straganik.art\/?post_type=product&#038;p=614"},"modified":"2026-04-09T06:55:14","modified_gmt":"2026-04-09T06:55:14","slug":"gipsowe-pudelko-z-wieczkiem-2","status":"publish","type":"product","link":"https:\/\/straganik.art\/index.php\/produkt\/gipsowe-pudelko-z-wieczkiem-2\/","title":{"rendered":"Gipsowe pude\u0142ko z wieczkiem"},"content":{"rendered":"<p>Wykonane z gipsu polimerowego. Lakierowane. Pi\u0119kna ozdoba pokoju, sypialni czy \u0142azienki. Mo\u017cna w nim przechowywa\u0107 drobne rzeczy.<\/p>\n<p>Wymiary:<\/p>\n<p>&#8211; 9cm wysoko\u015b\u0107 z wieczkiem<\/p>\n<p>&#8211; 6cm wysoko\u015b\u0107 bez wieczka<\/p>\n<p>&#8211; 6cm szeroko\u015b\u0107<\/p>\n","protected":false},"excerpt":{"rendered":"<p>Ryflowane gipsowe pude\u0142ko.<\/p>\n","protected":false},"featured_media":615,"template":"","meta":[],"product_brand":[],"product_cat":[33],"product_tag":[],"class_list":{"0":"post-614","1":"product","2":"type-product","3":"status-publish","4":"has-post-thumbnail","6":"product_cat-dodatki","8":"first","9":"instock","10":"shipping-taxable","11":"purchasable","12":"product-type-simple"},"_links":{"self":[{"href":"https:\/\/straganik.art\/index.php\/wp-json\/wp\/v2\/product\/614","targetHints":{"allow":["GET"]}}],"collection":[{"href":"https:\/\/straganik.art\/index.php\/wp-json\/wp\/v2\/product"}],"about":[{"href":"https:\/\/straganik.art\/index.php\/wp-json\/wp\/v2\/types\/product"}],"wp:featuredmedia":[{"embeddable":true,"href":"https:\/\/straganik.art\/index.php\/wp-json\/wp\/v2\/media\/615"}],"wp:attachment":[{"href":"https:\/\/straganik.art\/index.php\/wp-json\/wp\/v2\/media?parent=614"}],"wp:term":[{"taxonomy":"product_brand","embeddable":true,"href":"https:\/\/straganik.art\/index.php\/wp-json\/wp\/v2\/product_brand?post=614"},{"taxonomy":"product_cat","embeddable":true,"href":"https:\/\/straganik.art\/index.php\/wp-json\/wp\/v2\/product_cat?post=614"},{"taxonomy":"product_tag","embeddable":true,"href":"https:\/\/straganik.art\/index.php\/wp-json\/wp\/v2\/product_tag?post=614"}],"curies":[{"name":"wp","href":"https:\/\/api.w.org\/{rel}","templated":true}]}}