{"id":605,"date":"2026-04-08T20:22:03","date_gmt":"2026-04-08T20:22:03","guid":{"rendered":"https:\/\/straganik.art\/?post_type=product&#038;p=605"},"modified":"2026-04-09T06:55:11","modified_gmt":"2026-04-09T06:55:11","slug":"gipsowy-domek-lampion","status":"publish","type":"product","link":"https:\/\/straganik.art\/index.php\/produkt\/gipsowy-domek-lampion\/","title":{"rendered":"Gipsowy domek &#8211; lampion"},"content":{"rendered":"<p>Domek z gipsu polimerowego. Pi\u0119kna ozdoba wn\u0119trza i ogrodu. Mo\u017cliwo\u015b\u0107 umieszczenia w \u015brodku ledowych lampek.<\/p>\n<p>Wymiary:<\/p>\n<p>&#8211; d\u0142ugo\u015b\u0107c12cm<\/p>\n<p>&#8211; wysoko\u015b\u0107 13cm<\/p>\n<p>&#8211; szeroko\u015b\u0107 8cm<\/p>\n<p>Domek na podstawce nie jest przymocowany. Dzi\u0119ki temu mo\u017cna w nim umie\u015bci\u0107 dowolne o\u015bwietlenie.<\/p>\n<p>Do zestawu do\u0142\u0105czone ledowe lampki (drucik)<\/p>\n","protected":false},"excerpt":{"rendered":"<p>Domek dekoracyjny &#8211; lampion.<\/p>\n","protected":false},"featured_media":606,"template":"","meta":[],"product_brand":[],"product_cat":[33],"product_tag":[],"class_list":{"0":"post-605","1":"product","2":"type-product","3":"status-publish","4":"has-post-thumbnail","6":"product_cat-dodatki","8":"first","9":"instock","10":"shipping-taxable","11":"purchasable","12":"product-type-simple"},"_links":{"self":[{"href":"https:\/\/straganik.art\/index.php\/wp-json\/wp\/v2\/product\/605","targetHints":{"allow":["GET"]}}],"collection":[{"href":"https:\/\/straganik.art\/index.php\/wp-json\/wp\/v2\/product"}],"about":[{"href":"https:\/\/straganik.art\/index.php\/wp-json\/wp\/v2\/types\/product"}],"wp:featuredmedia":[{"embeddable":true,"href":"https:\/\/straganik.art\/index.php\/wp-json\/wp\/v2\/media\/606"}],"wp:attachment":[{"href":"https:\/\/straganik.art\/index.php\/wp-json\/wp\/v2\/media?parent=605"}],"wp:term":[{"taxonomy":"product_brand","embeddable":true,"href":"https:\/\/straganik.art\/index.php\/wp-json\/wp\/v2\/product_brand?post=605"},{"taxonomy":"product_cat","embeddable":true,"href":"https:\/\/straganik.art\/index.php\/wp-json\/wp\/v2\/product_cat?post=605"},{"taxonomy":"product_tag","embeddable":true,"href":"https:\/\/straganik.art\/index.php\/wp-json\/wp\/v2\/product_tag?post=605"}],"curies":[{"name":"wp","href":"https:\/\/api.w.org\/{rel}","templated":true}]}}