{"id":597,"date":"2026-04-08T20:11:53","date_gmt":"2026-04-08T20:11:53","guid":{"rendered":"https:\/\/straganik.art\/?post_type=product&#038;p=597"},"modified":"2026-04-09T06:55:09","modified_gmt":"2026-04-09T06:55:09","slug":"swieca-kobieta","status":"publish","type":"product","link":"https:\/\/straganik.art\/index.php\/produkt\/swieca-kobieta\/","title":{"rendered":"\u015awieca KOBIETA"},"content":{"rendered":"<p>\u015awieca z motywem kobiety. Wykonana z naturalnego wosku pszczelego. Barwiona i aromatyzowana. Malowana r\u0119cznie.<\/p>\n<p>Wymiary:<\/p>\n<p>&#8211; 12cm wysoko\u015b\u0107<\/p>\n<p>&#8211; 6cm szeroko\u015b\u0107<\/p>\n","protected":false},"excerpt":{"rendered":"<p>R\u0119cznie malowana \u015bwieca z wosku pszczelego.<\/p>\n","protected":false},"featured_media":603,"template":"","meta":[],"product_brand":[],"product_cat":[31],"product_tag":[],"class_list":{"0":"post-597","1":"product","2":"type-product","3":"status-publish","4":"has-post-thumbnail","6":"product_cat-swiece","8":"first","9":"instock","10":"shipping-taxable","11":"purchasable","12":"product-type-simple"},"_links":{"self":[{"href":"https:\/\/straganik.art\/index.php\/wp-json\/wp\/v2\/product\/597","targetHints":{"allow":["GET"]}}],"collection":[{"href":"https:\/\/straganik.art\/index.php\/wp-json\/wp\/v2\/product"}],"about":[{"href":"https:\/\/straganik.art\/index.php\/wp-json\/wp\/v2\/types\/product"}],"wp:featuredmedia":[{"embeddable":true,"href":"https:\/\/straganik.art\/index.php\/wp-json\/wp\/v2\/media\/603"}],"wp:attachment":[{"href":"https:\/\/straganik.art\/index.php\/wp-json\/wp\/v2\/media?parent=597"}],"wp:term":[{"taxonomy":"product_brand","embeddable":true,"href":"https:\/\/straganik.art\/index.php\/wp-json\/wp\/v2\/product_brand?post=597"},{"taxonomy":"product_cat","embeddable":true,"href":"https:\/\/straganik.art\/index.php\/wp-json\/wp\/v2\/product_cat?post=597"},{"taxonomy":"product_tag","embeddable":true,"href":"https:\/\/straganik.art\/index.php\/wp-json\/wp\/v2\/product_tag?post=597"}],"curies":[{"name":"wp","href":"https:\/\/api.w.org\/{rel}","templated":true}]}}