{"id":590,"date":"2026-04-08T20:02:46","date_gmt":"2026-04-08T20:02:46","guid":{"rendered":"https:\/\/straganik.art\/?post_type=product&#038;p=590"},"modified":"2026-04-09T06:55:00","modified_gmt":"2026-04-09T06:55:00","slug":"gipsowe-pudelko-z-wieczkiem","status":"publish","type":"product","link":"https:\/\/straganik.art\/index.php\/produkt\/gipsowe-pudelko-z-wieczkiem\/","title":{"rendered":"Gipsowe pude\u0142ko z wieczkiem"},"content":{"rendered":"<p>Ozdobne pude\u0142ko z wieczkiem do przechowywania bi\u017cuterii i innych drobnych rzeczy. Lakierowane.<\/p>\n<p>Wymiary:<\/p>\n<p>&#8211; 13cm szeroko\u015b\u0107<\/p>\n<p>&#8211; 5cm wysoko\u015b\u0107<\/p>\n<p>Dost\u0119pne w kolorze: bia\u0142ym, czarnym i szarym<\/p>\n","protected":false},"excerpt":{"rendered":"<p>Pude\u0142ko z gipsu polimerowego w nowoczesnym stylu.<\/p>\n","protected":false},"featured_media":595,"template":"","meta":[],"product_brand":[],"product_cat":[33],"product_tag":[],"class_list":{"0":"post-590","1":"product","2":"type-product","3":"status-publish","4":"has-post-thumbnail","6":"product_cat-dodatki","8":"first","9":"instock","10":"shipping-taxable","11":"purchasable","12":"product-type-simple"},"_links":{"self":[{"href":"https:\/\/straganik.art\/index.php\/wp-json\/wp\/v2\/product\/590","targetHints":{"allow":["GET"]}}],"collection":[{"href":"https:\/\/straganik.art\/index.php\/wp-json\/wp\/v2\/product"}],"about":[{"href":"https:\/\/straganik.art\/index.php\/wp-json\/wp\/v2\/types\/product"}],"wp:featuredmedia":[{"embeddable":true,"href":"https:\/\/straganik.art\/index.php\/wp-json\/wp\/v2\/media\/595"}],"wp:attachment":[{"href":"https:\/\/straganik.art\/index.php\/wp-json\/wp\/v2\/media?parent=590"}],"wp:term":[{"taxonomy":"product_brand","embeddable":true,"href":"https:\/\/straganik.art\/index.php\/wp-json\/wp\/v2\/product_brand?post=590"},{"taxonomy":"product_cat","embeddable":true,"href":"https:\/\/straganik.art\/index.php\/wp-json\/wp\/v2\/product_cat?post=590"},{"taxonomy":"product_tag","embeddable":true,"href":"https:\/\/straganik.art\/index.php\/wp-json\/wp\/v2\/product_tag?post=590"}],"curies":[{"name":"wp","href":"https:\/\/api.w.org\/{rel}","templated":true}]}}