{"id":588,"date":"2026-04-08T19:51:17","date_gmt":"2026-04-08T19:51:17","guid":{"rendered":"https:\/\/straganik.art\/?post_type=product&#038;p=588"},"modified":"2026-04-09T06:55:03","modified_gmt":"2026-04-09T06:55:03","slug":"taca-gipsowa-piorko-zlocona","status":"publish","type":"product","link":"https:\/\/straganik.art\/index.php\/produkt\/taca-gipsowa-piorko-zlocona\/","title":{"rendered":"Taca gipsowa PI\u00d3RKO z\u0142ocona"},"content":{"rendered":"<p>Gipsowa taca lakierowana i malowana r\u0119cznie.<\/p>\n<p>Wymiary:<\/p>\n<p>&#8211; 11cm szeroko\u015b\u0107<\/p>\n<p style=\"text-align: left;\">&#8211; 24cm d\u0142ugo\u015b\u0107<\/p>\n","protected":false},"excerpt":{"rendered":"<p>Taca z gipsu polimerowego PI\u00d3RKO<\/p>\n","protected":false},"featured_media":589,"template":"","meta":[],"product_brand":[],"product_cat":[33],"product_tag":[],"class_list":{"0":"post-588","1":"product","2":"type-product","3":"status-publish","4":"has-post-thumbnail","6":"product_cat-dodatki","8":"first","9":"instock","10":"shipping-taxable","11":"purchasable","12":"product-type-simple"},"_links":{"self":[{"href":"https:\/\/straganik.art\/index.php\/wp-json\/wp\/v2\/product\/588","targetHints":{"allow":["GET"]}}],"collection":[{"href":"https:\/\/straganik.art\/index.php\/wp-json\/wp\/v2\/product"}],"about":[{"href":"https:\/\/straganik.art\/index.php\/wp-json\/wp\/v2\/types\/product"}],"wp:featuredmedia":[{"embeddable":true,"href":"https:\/\/straganik.art\/index.php\/wp-json\/wp\/v2\/media\/589"}],"wp:attachment":[{"href":"https:\/\/straganik.art\/index.php\/wp-json\/wp\/v2\/media?parent=588"}],"wp:term":[{"taxonomy":"product_brand","embeddable":true,"href":"https:\/\/straganik.art\/index.php\/wp-json\/wp\/v2\/product_brand?post=588"},{"taxonomy":"product_cat","embeddable":true,"href":"https:\/\/straganik.art\/index.php\/wp-json\/wp\/v2\/product_cat?post=588"},{"taxonomy":"product_tag","embeddable":true,"href":"https:\/\/straganik.art\/index.php\/wp-json\/wp\/v2\/product_tag?post=588"}],"curies":[{"name":"wp","href":"https:\/\/api.w.org\/{rel}","templated":true}]}}