{"id":580,"date":"2026-04-08T19:36:50","date_gmt":"2026-04-08T19:36:50","guid":{"rendered":"https:\/\/straganik.art\/?post_type=product&#038;p=580"},"modified":"2026-04-09T06:54:58","modified_gmt":"2026-04-09T06:54:58","slug":"gipsowe-dlonie-z-piwonia-z-wosku-pszczelego","status":"publish","type":"product","link":"https:\/\/straganik.art\/index.php\/produkt\/gipsowe-dlonie-z-piwonia-z-wosku-pszczelego\/","title":{"rendered":"Gipsowe d\u0142onie z piwoni\u0105 z wosku pszczelego"},"content":{"rendered":"<p>D\u0142onie wykonane z gipsu polimerowego. Do zestawu do\u0142\u0105czona \u015bwieca z wosku pszczelego. \u015awieca aromatyzowana i barwiona. Odlew gipsowy wielko\u015bci naturalnych d\u0142oni.<\/p>\n","protected":false},"excerpt":{"rendered":"<p>Gipsowe d\u0142onie z gipsu polimerowego z woskow\u0105 piwoni\u0105.<\/p>\n","protected":false},"featured_media":582,"template":"","meta":[],"product_brand":[],"product_cat":[15],"product_tag":[],"class_list":{"0":"post-580","1":"product","2":"type-product","3":"status-publish","4":"has-post-thumbnail","6":"product_cat-bez-kategorii","8":"first","9":"instock","10":"shipping-taxable","11":"purchasable","12":"product-type-simple"},"_links":{"self":[{"href":"https:\/\/straganik.art\/index.php\/wp-json\/wp\/v2\/product\/580","targetHints":{"allow":["GET"]}}],"collection":[{"href":"https:\/\/straganik.art\/index.php\/wp-json\/wp\/v2\/product"}],"about":[{"href":"https:\/\/straganik.art\/index.php\/wp-json\/wp\/v2\/types\/product"}],"wp:featuredmedia":[{"embeddable":true,"href":"https:\/\/straganik.art\/index.php\/wp-json\/wp\/v2\/media\/582"}],"wp:attachment":[{"href":"https:\/\/straganik.art\/index.php\/wp-json\/wp\/v2\/media?parent=580"}],"wp:term":[{"taxonomy":"product_brand","embeddable":true,"href":"https:\/\/straganik.art\/index.php\/wp-json\/wp\/v2\/product_brand?post=580"},{"taxonomy":"product_cat","embeddable":true,"href":"https:\/\/straganik.art\/index.php\/wp-json\/wp\/v2\/product_cat?post=580"},{"taxonomy":"product_tag","embeddable":true,"href":"https:\/\/straganik.art\/index.php\/wp-json\/wp\/v2\/product_tag?post=580"}],"curies":[{"name":"wp","href":"https:\/\/api.w.org\/{rel}","templated":true}]}}