{"id":574,"date":"2026-04-08T19:24:19","date_gmt":"2026-04-08T19:24:19","guid":{"rendered":"https:\/\/straganik.art\/?post_type=product&#038;p=574"},"modified":"2026-04-09T06:55:16","modified_gmt":"2026-04-09T06:55:16","slug":"ramka-3d-z-kwiatami-z-wosku-pszczelego","status":"publish","type":"product","link":"https:\/\/straganik.art\/index.php\/produkt\/ramka-3d-z-kwiatami-z-wosku-pszczelego\/","title":{"rendered":"Ramka 3D z kwiatami z wosku pszczelego"},"content":{"rendered":"<p>Kompozycja kwiatowa wykonana z wosku pszczelego. Czemu wosk pszczeli a nie sojowy? Bo kocham natur\u0119 i tworz\u0119 z serca. Aromatyzowane i barwione kwiaty tworz\u0105 niezapomniany prezent na:<\/p>\n<p>&#8211; urodziny<\/p>\n<ol>\n<li>&#8211; chrzest \/ komunia \/ \u015blub<\/li>\n<\/ol>\n<p>&#8211; rocznice<\/p>\n<p>&#8211; dzie\u0144 mamy lub taty<\/p>\n<p>&#8211; zako\u0144czenie roku szkolnego<\/p>\n<p>i wiele innych<\/p>\n<p>Wymiary ramki:<\/p>\n<p>&#8211; 32cm wysoko\u015b\u0107<\/p>\n<p>&#8211; 23cm szeroko\u015b\u0107<\/p>\n<p>Kolor kwiat\u00f3w: r\u00f3\u017c, czerwony, bia\u0142y, zielony, niebieski, be\u017cowy i wiele innych<\/p>\n","protected":false},"excerpt":{"rendered":"<p>Ramka 3D w kolorze bia\u0142ym z woskowymi kwiatami. Kompozycja stworzona pod preferencje klienta. Kolor kwiat\u00f3w i napis do wyboru.<\/p>\n","protected":false},"featured_media":624,"template":"","meta":[],"product_brand":[],"product_cat":[34],"product_tag":[],"class_list":{"0":"post-574","1":"product","2":"type-product","3":"status-publish","4":"has-post-thumbnail","6":"product_cat-obrazy","8":"first","9":"instock","10":"shipping-taxable","11":"purchasable","12":"product-type-simple"},"_links":{"self":[{"href":"https:\/\/straganik.art\/index.php\/wp-json\/wp\/v2\/product\/574","targetHints":{"allow":["GET"]}}],"collection":[{"href":"https:\/\/straganik.art\/index.php\/wp-json\/wp\/v2\/product"}],"about":[{"href":"https:\/\/straganik.art\/index.php\/wp-json\/wp\/v2\/types\/product"}],"wp:featuredmedia":[{"embeddable":true,"href":"https:\/\/straganik.art\/index.php\/wp-json\/wp\/v2\/media\/624"}],"wp:attachment":[{"href":"https:\/\/straganik.art\/index.php\/wp-json\/wp\/v2\/media?parent=574"}],"wp:term":[{"taxonomy":"product_brand","embeddable":true,"href":"https:\/\/straganik.art\/index.php\/wp-json\/wp\/v2\/product_brand?post=574"},{"taxonomy":"product_cat","embeddable":true,"href":"https:\/\/straganik.art\/index.php\/wp-json\/wp\/v2\/product_cat?post=574"},{"taxonomy":"product_tag","embeddable":true,"href":"https:\/\/straganik.art\/index.php\/wp-json\/wp\/v2\/product_tag?post=574"}],"curies":[{"name":"wp","href":"https:\/\/api.w.org\/{rel}","templated":true}]}}