{"id":547,"date":"2026-03-20T10:18:40","date_gmt":"2026-03-20T10:18:40","guid":{"rendered":"https:\/\/straganik.art\/?post_type=product&#038;p=547"},"modified":"2026-04-09T06:54:49","modified_gmt":"2026-04-09T06:54:49","slug":"box-chwila-oddechu","status":"publish","type":"product","link":"https:\/\/straganik.art\/index.php\/produkt\/box-chwila-oddechu\/","title":{"rendered":"Box \u201eChwila oddechu\u201d"},"content":{"rendered":"<p>W \u015brodku znajdziesz:<br \/>\n\ud83c\udf3f kubek w stonowanych odcieniach szaro\u015bci z nut\u0105 granatu<br \/>\n\ud83c\udf3f \u015bwiec\u0119 tworz\u0105c\u0105 przytuln\u0105 atmosfer\u0119<br \/>\n\ud83c\udf3f aromatyczn\u0105 herbat\u0119 pe\u0142n\u0105 barw i smaku<br \/>\n\ud83c\udf3f subtelny, kwiatowy akcent<\/p>\n<p>Ca\u0142o\u015b\u0107 zapakowana jest w eleganckie pude\u0142ko z kokard\u0105 \u2014 gotowe do wr\u0119czenia. To nie tylko zestaw, ale chwila, kt\u00f3r\u0105 mo\u017cesz podarowa\u0107 sobie lub komu\u015b bliskiemu \u2014 moment wyciszenia, kt\u00f3ry zostaje na d\u0142u\u017cej.<\/p>\n<p>Wymiary pude\u0142ka: 24 x 24 x 9 cm.<\/p>\n<p>&nbsp;<\/p>\n","protected":false},"excerpt":{"rendered":"<p>To idealny pomys\u0142 na prezent \u2013 subtelny, elegancki i pe\u0142en ciep\u0142a. Taki, kt\u00f3ry naprawd\u0119 zostaje na d\u0142u\u017cej.<br \/>\nStworzony z my\u015bl\u0105 o d\u0142ugich, spokojnych wieczorach i zas\u0142u\u017conym relaksie \ud83d\udcab<\/p>\n","protected":false},"featured_media":548,"template":"","meta":[],"product_brand":[],"product_cat":[15],"product_tag":[],"class_list":{"0":"post-547","1":"product","2":"type-product","3":"status-publish","4":"has-post-thumbnail","6":"product_cat-bez-kategorii","8":"first","9":"instock","10":"shipping-taxable","11":"purchasable","12":"product-type-simple"},"_links":{"self":[{"href":"https:\/\/straganik.art\/index.php\/wp-json\/wp\/v2\/product\/547","targetHints":{"allow":["GET"]}}],"collection":[{"href":"https:\/\/straganik.art\/index.php\/wp-json\/wp\/v2\/product"}],"about":[{"href":"https:\/\/straganik.art\/index.php\/wp-json\/wp\/v2\/types\/product"}],"wp:featuredmedia":[{"embeddable":true,"href":"https:\/\/straganik.art\/index.php\/wp-json\/wp\/v2\/media\/548"}],"wp:attachment":[{"href":"https:\/\/straganik.art\/index.php\/wp-json\/wp\/v2\/media?parent=547"}],"wp:term":[{"taxonomy":"product_brand","embeddable":true,"href":"https:\/\/straganik.art\/index.php\/wp-json\/wp\/v2\/product_brand?post=547"},{"taxonomy":"product_cat","embeddable":true,"href":"https:\/\/straganik.art\/index.php\/wp-json\/wp\/v2\/product_cat?post=547"},{"taxonomy":"product_tag","embeddable":true,"href":"https:\/\/straganik.art\/index.php\/wp-json\/wp\/v2\/product_tag?post=547"}],"curies":[{"name":"wp","href":"https:\/\/api.w.org\/{rel}","templated":true}]}}