{"id":540,"date":"2026-03-20T10:04:07","date_gmt":"2026-03-20T10:04:07","guid":{"rendered":"https:\/\/straganik.art\/?post_type=product&#038;p=540"},"modified":"2026-04-09T06:54:54","modified_gmt":"2026-04-09T06:54:54","slug":"box-otul-sie-cieplem","status":"publish","type":"product","link":"https:\/\/straganik.art\/index.php\/produkt\/box-otul-sie-cieplem\/","title":{"rendered":"Box \u201eOtul si\u0119 ciep\u0142em\u201d"},"content":{"rendered":"<p>W \u015brodku znajdziesz:<br \/>\n\ud83e\udde1 mi\u0119kki, be\u017cowy koc, kt\u00f3ry otuli Ci\u0119 komfortem<br \/>\n\ud83e\udde1 \u015bwiec\u0119 tworz\u0105c\u0105 przytuln\u0105 atmosfer\u0119<br \/>\n\ud83e\udde1 wyj\u0105tkow\u0105 herbat\u0119, kt\u00f3ra zachwyca smakiem i aromatem<br \/>\n\ud83e\udde1 stylowy kubek na ulubiony nap\u00f3j<br \/>\n\ud83e\udde1 delikatny kwiat jako subtelny, estetyczny akcent.<\/p>\n<p>Ca\u0142o\u015b\u0107 zapakowana jest w eleganckie, ryflowane pude\u0142ko z kokard\u0105 \u2013 gotowe do wr\u0119czenia. To nie tylko zestaw \u2013 to ma\u0142y rytua\u0142 relaksu, kt\u00f3ry mo\u017cesz podarowa\u0107 sobie lub komu\u015b bliskiemu.<\/p>\n<p>Wymiary pude\u0142ka: 38 \u00d7 33 \u00d7 9 cm.<\/p>\n<p>&nbsp;<\/p>\n","protected":false},"excerpt":{"rendered":"<p>To idealny pomys\u0142 na prezent \u2013 subtelny, elegancki i pe\u0142en ciep\u0142a. Taki, kt\u00f3ry naprawd\u0119 zostaje na d\u0142u\u017cej.<br \/>\nStworzony z my\u015bl\u0105 o spokojnych wieczorach, mi\u0119kkim \u015bwietle \u015bwiecy i chwilach tylko dla siebie \ud83d\udcab<\/p>\n","protected":false},"featured_media":550,"template":"","meta":[],"product_brand":[],"product_cat":[15],"product_tag":[],"class_list":{"0":"post-540","1":"product","2":"type-product","3":"status-publish","4":"has-post-thumbnail","6":"product_cat-bez-kategorii","8":"first","9":"instock","10":"shipping-taxable","11":"purchasable","12":"product-type-simple"},"_links":{"self":[{"href":"https:\/\/straganik.art\/index.php\/wp-json\/wp\/v2\/product\/540","targetHints":{"allow":["GET"]}}],"collection":[{"href":"https:\/\/straganik.art\/index.php\/wp-json\/wp\/v2\/product"}],"about":[{"href":"https:\/\/straganik.art\/index.php\/wp-json\/wp\/v2\/types\/product"}],"wp:featuredmedia":[{"embeddable":true,"href":"https:\/\/straganik.art\/index.php\/wp-json\/wp\/v2\/media\/550"}],"wp:attachment":[{"href":"https:\/\/straganik.art\/index.php\/wp-json\/wp\/v2\/media?parent=540"}],"wp:term":[{"taxonomy":"product_brand","embeddable":true,"href":"https:\/\/straganik.art\/index.php\/wp-json\/wp\/v2\/product_brand?post=540"},{"taxonomy":"product_cat","embeddable":true,"href":"https:\/\/straganik.art\/index.php\/wp-json\/wp\/v2\/product_cat?post=540"},{"taxonomy":"product_tag","embeddable":true,"href":"https:\/\/straganik.art\/index.php\/wp-json\/wp\/v2\/product_tag?post=540"}],"curies":[{"name":"wp","href":"https:\/\/api.w.org\/{rel}","templated":true}]}}