{"id":530,"date":"2026-03-16T11:26:05","date_gmt":"2026-03-16T11:26:05","guid":{"rendered":"https:\/\/straganik.art\/?post_type=product&#038;p=530"},"modified":"2026-04-09T06:54:46","modified_gmt":"2026-04-09T06:54:46","slug":"swiecznik-lotos-swiatla","status":"publish","type":"product","link":"https:\/\/straganik.art\/index.php\/produkt\/swiecznik-lotos-swiatla\/","title":{"rendered":"\u015awiecznik Lotos \u015awiat\u0142a"},"content":{"rendered":"<p data-start=\"402\" data-end=\"620\">Wyj\u0105tkowy \u015bwiecznik inspirowany kszta\u0142tem kwiatu lotosu \u2013 symbolu harmonii, odrodzenia i wewn\u0119trznego spokoju. Delikatne przej\u015bcia turkusowych i b\u0142\u0119kitnych odcieni tworz\u0105 efekt subtelnej elegancji i naturalnego pi\u0119kna.<\/p>\n<p data-start=\"622\" data-end=\"839\">Po zapaleniu tealighta \u015bwiecznik tworzy przytuln\u0105 atmosfer\u0119 sprzyjaj\u0105c\u0105 relaksowi, medytacji oraz wyciszeniu po d\u0142ugim dniu. \u015awiat\u0142o \u015bwiecy pi\u0119knie podkre\u015bla struktur\u0119 wzoru, nadaj\u0105c mu g\u0142\u0119bi i wyj\u0105tkowego charakteru.<\/p>\n<p data-start=\"841\" data-end=\"958\">Idealny jako dekoracja wn\u0119trza, element przestrzeni medytacyjnej lub wyj\u0105tkowy prezent dla os\u00f3b ceni\u0105cych r\u0119kodzie\u0142o.<\/p>\n<p data-start=\"975\" data-end=\"1225\"><br data-start=\"1168\" data-end=\"1171\" \/>\u2728 unikat: ka\u017cdy egzemplarz jest jedyny w swoim rodzaju<\/p>\n","protected":false},"excerpt":{"rendered":"<p data-section-id=\"phgjha\" data-start=\"320\" data-end=\"400\">\u015awiecznik Lotos \u015awiat\u0142a, kolekcja Artefakty Blasku<\/p>\n","protected":false},"featured_media":508,"template":"","meta":[],"product_brand":[],"product_cat":[33],"product_tag":[61],"class_list":{"0":"post-530","1":"product","2":"type-product","3":"status-publish","4":"has-post-thumbnail","6":"product_cat-dodatki","7":"product_tag-zywica","9":"first","10":"instock","11":"shipping-taxable","12":"purchasable","13":"product-type-simple"},"_links":{"self":[{"href":"https:\/\/straganik.art\/index.php\/wp-json\/wp\/v2\/product\/530","targetHints":{"allow":["GET"]}}],"collection":[{"href":"https:\/\/straganik.art\/index.php\/wp-json\/wp\/v2\/product"}],"about":[{"href":"https:\/\/straganik.art\/index.php\/wp-json\/wp\/v2\/types\/product"}],"wp:featuredmedia":[{"embeddable":true,"href":"https:\/\/straganik.art\/index.php\/wp-json\/wp\/v2\/media\/508"}],"wp:attachment":[{"href":"https:\/\/straganik.art\/index.php\/wp-json\/wp\/v2\/media?parent=530"}],"wp:term":[{"taxonomy":"product_brand","embeddable":true,"href":"https:\/\/straganik.art\/index.php\/wp-json\/wp\/v2\/product_brand?post=530"},{"taxonomy":"product_cat","embeddable":true,"href":"https:\/\/straganik.art\/index.php\/wp-json\/wp\/v2\/product_cat?post=530"},{"taxonomy":"product_tag","embeddable":true,"href":"https:\/\/straganik.art\/index.php\/wp-json\/wp\/v2\/product_tag?post=530"}],"curies":[{"name":"wp","href":"https:\/\/api.w.org\/{rel}","templated":true}]}}