{"id":529,"date":"2026-03-16T11:23:33","date_gmt":"2026-03-16T11:23:33","guid":{"rendered":"https:\/\/straganik.art\/?post_type=product&#038;p=529"},"modified":"2026-04-09T06:54:43","modified_gmt":"2026-04-09T06:54:43","slug":"swiecznik-ksiezyc-rytualu","status":"publish","type":"product","link":"https:\/\/straganik.art\/index.php\/produkt\/swiecznik-ksiezyc-rytualu\/","title":{"rendered":"\u015awiecznik Ksi\u0119\u017cyc Rytua\u0142u"},"content":{"rendered":"<p data-start=\"416\" data-end=\"625\">R\u0119cznie wykonany \u015bwiecznik w kszta\u0142cie ksi\u0119\u017cyca inspirowany energi\u0105 faz ksi\u0119\u017cyca i rytua\u0142\u00f3w \u015bwiat\u0142a. Wyj\u0105tkowe po\u0142\u0105czenie b\u0142\u0119kit\u00f3w, czerwieni i z\u0142otych refleks\u00f3w tworzy efekt przypominaj\u0105cy kosmiczn\u0105 mg\u0142awic\u0119.<\/p>\n<p data-start=\"627\" data-end=\"860\">\u015awiecznik posiada miejsca na tealighty, dzi\u0119ki czemu tworzy niezwyk\u0142y klimat podczas wieczornego relaksu, medytacji lub rytua\u0142\u00f3w intencji. Zapalone \u015bwiece pi\u0119knie podkre\u015blaj\u0105 g\u0142\u0119bi\u0119 kolor\u00f3w oraz nadaj\u0105 ca\u0142o\u015bci mistycznego charakteru.<\/p>\n<p data-start=\"862\" data-end=\"955\">To nie tylko dekoracja, ale r\u00f3wnie\u017c element buduj\u0105cy atmosfer\u0119 spokoju, skupienia i harmonii.<\/p>\n<p data-start=\"972\" data-end=\"1230\"><br data-start=\"1167\" data-end=\"1170\" \/>\u2728 unikat: ka\u017cdy egzemplarz posiada niepowtarzalny uk\u0142ad barw<\/p>\n","protected":false},"excerpt":{"rendered":"<p data-section-id=\"a1aj1f\" data-start=\"336\" data-end=\"414\">\u015awiecznik Ksi\u0119\u017cyc Rytua\u0142u, kolekcja Artefakty Ksi\u0119zyca<\/p>\n","protected":false},"featured_media":524,"template":"","meta":[],"product_brand":[],"product_cat":[33],"product_tag":[61],"class_list":{"0":"post-529","1":"product","2":"type-product","3":"status-publish","4":"has-post-thumbnail","6":"product_cat-dodatki","7":"product_tag-zywica","9":"first","10":"instock","11":"shipping-taxable","12":"purchasable","13":"product-type-simple"},"_links":{"self":[{"href":"https:\/\/straganik.art\/index.php\/wp-json\/wp\/v2\/product\/529","targetHints":{"allow":["GET"]}}],"collection":[{"href":"https:\/\/straganik.art\/index.php\/wp-json\/wp\/v2\/product"}],"about":[{"href":"https:\/\/straganik.art\/index.php\/wp-json\/wp\/v2\/types\/product"}],"wp:featuredmedia":[{"embeddable":true,"href":"https:\/\/straganik.art\/index.php\/wp-json\/wp\/v2\/media\/524"}],"wp:attachment":[{"href":"https:\/\/straganik.art\/index.php\/wp-json\/wp\/v2\/media?parent=529"}],"wp:term":[{"taxonomy":"product_brand","embeddable":true,"href":"https:\/\/straganik.art\/index.php\/wp-json\/wp\/v2\/product_brand?post=529"},{"taxonomy":"product_cat","embeddable":true,"href":"https:\/\/straganik.art\/index.php\/wp-json\/wp\/v2\/product_cat?post=529"},{"taxonomy":"product_tag","embeddable":true,"href":"https:\/\/straganik.art\/index.php\/wp-json\/wp\/v2\/product_tag?post=529"}],"curies":[{"name":"wp","href":"https:\/\/api.w.org\/{rel}","templated":true}]}}