{"id":499,"date":"2026-03-15T09:19:40","date_gmt":"2026-03-15T09:19:40","guid":{"rendered":"https:\/\/straganik.art\/?post_type=product&#038;p=499"},"modified":"2026-03-15T09:49:06","modified_gmt":"2026-03-15T09:49:06","slug":"naszyjnik-sila-natury","status":"publish","type":"product","link":"https:\/\/straganik.art\/index.php\/produkt\/naszyjnik-sila-natury\/","title":{"rendered":"Naszyjnik Si\u0142a Natury"},"content":{"rendered":"<p>R\u0119cznie wykonany naszyjnik z naturalnego tygrysiego oka oraz zielonego jadeitu to po\u0142\u0105czenie energii si\u0142y, odwagi i wewn\u0119trznej r\u00f3wnowagi. Naturalne odcienie zieleni i z\u0142otego br\u0105zu tworz\u0105 harmonijn\u0105 kompozycj\u0119 inspirowan\u0105 natur\u0105 i stabilno\u015bci\u0105 \u017cywio\u0142u ziemi.<\/p>\n<p><strong>Tygrysie oko<\/strong> to kamie\u0144 ochrony i pewno\u015bci siebie. Uwa\u017cany jest za talizman pomagaj\u0105cy podejmowa\u0107 decyzje, wzmacnia\u0107 odwag\u0119 i zachowa\u0107 wewn\u0119trzn\u0105 stabilno\u015b\u0107.<\/p>\n<p><strong> Zielony jadeit<\/strong> symbolizuje szcz\u0119\u015bcie, harmoni\u0119 i rozw\u00f3j. Wspiera spok\u00f3j emocjonalny oraz przyci\u0105ga pozytywn\u0105 energi\u0119.<\/p>\n<p>Centralny kamie\u0144 tygrysiego oka podkre\u015bla charakter naszyjnika jako osobistego talizmanu r\u00f3wnowagi mi\u0119dzy si\u0142\u0105 dzia\u0142ania a spokojem umys\u0142u.<\/p>\n<p><span class=\"html-span xexx8yu xyri2b x18d9i69 x1c1uobl x1hl2dhg x16tdsg8 x1vvkbs x3nfvp2 x1j61x8r x1fcty0u xdj266r xat24cr xm2jcoa x1mpyi22 xxymvpz xlup9mm x1kky2od\"><img loading=\"lazy\" decoding=\"async\" class=\"xz74otr x15mokao x1ga7v0g x16uus16 xbiv7yw\" src=\"https:\/\/static.xx.fbcdn.net\/images\/emoji.php\/v9\/tf4\/1\/16\/2728.png\" alt=\"\u2728\" width=\"16\" height=\"16\" \/><\/span> unikat: ka\u017cdy naszyjnik posiada niepowtarzalny uk\u0142ad kamieni<\/p>\n","protected":false},"excerpt":{"rendered":"<p>Naszyjnik Si\u0142a Natury, kolekcja Artefakty Lasu<\/p>\n","protected":false},"featured_media":500,"template":"","meta":[],"product_brand":[],"product_cat":[24],"product_tag":[20],"class_list":{"0":"post-499","1":"product","2":"type-product","3":"status-publish","4":"has-post-thumbnail","6":"product_cat-naszyjniki","7":"product_tag-naszyjnik","9":"first","10":"instock","11":"shipping-taxable","12":"purchasable","13":"product-type-simple"},"_links":{"self":[{"href":"https:\/\/straganik.art\/index.php\/wp-json\/wp\/v2\/product\/499","targetHints":{"allow":["GET"]}}],"collection":[{"href":"https:\/\/straganik.art\/index.php\/wp-json\/wp\/v2\/product"}],"about":[{"href":"https:\/\/straganik.art\/index.php\/wp-json\/wp\/v2\/types\/product"}],"wp:featuredmedia":[{"embeddable":true,"href":"https:\/\/straganik.art\/index.php\/wp-json\/wp\/v2\/media\/500"}],"wp:attachment":[{"href":"https:\/\/straganik.art\/index.php\/wp-json\/wp\/v2\/media?parent=499"}],"wp:term":[{"taxonomy":"product_brand","embeddable":true,"href":"https:\/\/straganik.art\/index.php\/wp-json\/wp\/v2\/product_brand?post=499"},{"taxonomy":"product_cat","embeddable":true,"href":"https:\/\/straganik.art\/index.php\/wp-json\/wp\/v2\/product_cat?post=499"},{"taxonomy":"product_tag","embeddable":true,"href":"https:\/\/straganik.art\/index.php\/wp-json\/wp\/v2\/product_tag?post=499"}],"curies":[{"name":"wp","href":"https:\/\/api.w.org\/{rel}","templated":true}]}}