{"id":480,"date":"2026-03-14T17:17:16","date_gmt":"2026-03-14T17:17:16","guid":{"rendered":"https:\/\/straganik.art\/?post_type=product&#038;p=480"},"modified":"2026-03-15T09:49:12","modified_gmt":"2026-03-15T09:49:12","slug":"naszyjnik-harmonia-serca","status":"publish","type":"product","link":"https:\/\/straganik.art\/index.php\/produkt\/naszyjnik-harmonia-serca\/","title":{"rendered":"Naszyjnik Harmonia Serca"},"content":{"rendered":"<p><span class=\"html-span xexx8yu xyri2b x18d9i69 x1c1uobl x1hl2dhg x16tdsg8 x1vvkbs x3nfvp2 x1j61x8r x1fcty0u xdj266r xat24cr xm2jcoa x1mpyi22 xxymvpz xlup9mm x1kky2od\"><img loading=\"lazy\" decoding=\"async\" class=\"xz74otr x15mokao x1ga7v0g x16uus16 xbiv7yw\" src=\"https:\/\/static.xx.fbcdn.net\/images\/emoji.php\/v9\/t1e\/1\/16\/1f33f.png\" alt=\"\ud83c\udf3f\" width=\"16\" height=\"16\" \/><\/span><span class=\"html-span xexx8yu xyri2b x18d9i69 x1c1uobl x1hl2dhg x16tdsg8 x1vvkbs x3nfvp2 x1j61x8r x1fcty0u xdj266r xat24cr xm2jcoa x1mpyi22 xxymvpz xlup9mm x1kky2od\"><img loading=\"lazy\" decoding=\"async\" class=\"xz74otr x15mokao x1ga7v0g x16uus16 xbiv7yw\" src=\"https:\/\/static.xx.fbcdn.net\/images\/emoji.php\/v9\/tf0\/1\/16\/1f338.png\" alt=\"\ud83c\udf38\" width=\"16\" height=\"16\" \/><\/span> Subtelny, r\u0119cznie wykonany naszyjnik z naturalnego unakitu i kwarcu r\u00f3\u017cowego symbolizuje r\u00f3wnowag\u0119 emocjonaln\u0105, spok\u00f3j i energi\u0119 mi\u0142o\u015bci. Naturalne odcienie zieleni i delikatnego r\u00f3\u017cu tworz\u0105 harmonijn\u0105 kompozycj\u0119 inspirowan\u0105 natur\u0105 i energi\u0105 serca.<\/p>\n<p><strong>Unakit<\/strong> uznawany jest za kamie\u0144 regeneracji i r\u00f3wnowagi emocjonalnej. Pomaga uwolni\u0107 stare napi\u0119cia oraz wspiera proces wewn\u0119trznego wzrostu.<\/p>\n<p><strong>Kwarc r\u00f3\u017cowy<\/strong> to jeden z najbardziej znanych kamieni mi\u0142o\u015bci \u2013 symbol czu\u0142o\u015bci, akceptacji i \u0142agodno\u015bci wobec siebie i innych. Minimalistyczna forma sprawia, \u017ce naszyjnik jest idealny zar\u00f3wno jako codzienna bi\u017cuteria, jak i osobisty talizman przypominaj\u0105cy o dbaniu o w\u0142asne emocje.<\/p>\n<p><span class=\"html-span xexx8yu xyri2b x18d9i69 x1c1uobl x1hl2dhg x16tdsg8 x1vvkbs x3nfvp2 x1j61x8r x1fcty0u xdj266r xat24cr xm2jcoa x1mpyi22 xxymvpz xlup9mm x1kky2od\"><img loading=\"lazy\" decoding=\"async\" class=\"xz74otr x15mokao x1ga7v0g x16uus16 xbiv7yw\" src=\"https:\/\/static.xx.fbcdn.net\/images\/emoji.php\/v9\/tf4\/1\/16\/2728.png\" alt=\"\u2728\" width=\"16\" height=\"16\" \/><\/span> unikat: ka\u017cdy egzemplarz posiada naturalny, niepowtarzalny uk\u0142ad kamieni<\/p>\n","protected":false},"excerpt":{"rendered":"<p>Naszyjnik Harmonia Serca, kolekcja Artefakty Blasku<\/p>\n","protected":false},"featured_media":481,"template":"","meta":[],"product_brand":[],"product_cat":[24],"product_tag":[20],"class_list":{"0":"post-480","1":"product","2":"type-product","3":"status-publish","4":"has-post-thumbnail","6":"product_cat-naszyjniki","7":"product_tag-naszyjnik","9":"first","10":"instock","11":"shipping-taxable","12":"purchasable","13":"product-type-simple"},"_links":{"self":[{"href":"https:\/\/straganik.art\/index.php\/wp-json\/wp\/v2\/product\/480","targetHints":{"allow":["GET"]}}],"collection":[{"href":"https:\/\/straganik.art\/index.php\/wp-json\/wp\/v2\/product"}],"about":[{"href":"https:\/\/straganik.art\/index.php\/wp-json\/wp\/v2\/types\/product"}],"wp:featuredmedia":[{"embeddable":true,"href":"https:\/\/straganik.art\/index.php\/wp-json\/wp\/v2\/media\/481"}],"wp:attachment":[{"href":"https:\/\/straganik.art\/index.php\/wp-json\/wp\/v2\/media?parent=480"}],"wp:term":[{"taxonomy":"product_brand","embeddable":true,"href":"https:\/\/straganik.art\/index.php\/wp-json\/wp\/v2\/product_brand?post=480"},{"taxonomy":"product_cat","embeddable":true,"href":"https:\/\/straganik.art\/index.php\/wp-json\/wp\/v2\/product_cat?post=480"},{"taxonomy":"product_tag","embeddable":true,"href":"https:\/\/straganik.art\/index.php\/wp-json\/wp\/v2\/product_tag?post=480"}],"curies":[{"name":"wp","href":"https:\/\/api.w.org\/{rel}","templated":true}]}}