{"id":478,"date":"2026-03-14T17:13:28","date_gmt":"2026-03-14T17:13:28","guid":{"rendered":"https:\/\/straganik.art\/?post_type=product&#038;p=478"},"modified":"2026-03-15T09:49:15","modified_gmt":"2026-03-15T09:49:15","slug":"naszyjnik-swiatlo-intuicji","status":"publish","type":"product","link":"https:\/\/straganik.art\/index.php\/produkt\/naszyjnik-swiatlo-intuicji\/","title":{"rendered":"Naszyjnik \u015awiat\u0142o Intuicji"},"content":{"rendered":"<p><span class=\"html-span xexx8yu xyri2b x18d9i69 x1c1uobl x1hl2dhg x16tdsg8 x1vvkbs x3nfvp2 x1j61x8r x1fcty0u xdj266r xat24cr xm2jcoa x1mpyi22 xxymvpz xlup9mm x1kky2od\"><img loading=\"lazy\" decoding=\"async\" class=\"xz74otr x15mokao x1ga7v0g x16uus16 xbiv7yw\" src=\"https:\/\/static.xx.fbcdn.net\/images\/emoji.php\/v9\/t33\/1\/16\/1f319.png\" alt=\"\ud83c\udf19\" width=\"16\" height=\"16\" \/><\/span><span class=\"html-span xexx8yu xyri2b x18d9i69 x1c1uobl x1hl2dhg x16tdsg8 x1vvkbs x3nfvp2 x1j61x8r x1fcty0u xdj266r xat24cr xm2jcoa x1mpyi22 xxymvpz xlup9mm x1kky2od\"><img loading=\"lazy\" decoding=\"async\" class=\"xz74otr x15mokao x1ga7v0g x16uus16 xbiv7yw\" src=\"https:\/\/static.xx.fbcdn.net\/images\/emoji.php\/v9\/tf4\/1\/16\/2728.png\" alt=\"\u2728\" width=\"16\" height=\"16\" \/><\/span> R\u0119cznie wykonany naszyjnik z naturalnego zielonego akwamarynu oraz kamienia ksi\u0119\u017cycowego to subtelne po\u0142\u0105czenie energii spokoju, intuicji i wewn\u0119trznej r\u00f3wnowagi. Delikatna, pastelowa kolorystyka kamieni przywodzi na my\u015bl \u015bwie\u017co\u015b\u0107 natury i \u015bwiat\u0142o ksi\u0119\u017cyca odbijaj\u0105ce si\u0119 w wodzie.<\/p>\n<p><strong>Zielony akwamaryn<\/strong> symbolizuje harmoni\u0119, oczyszczenie emocji i wewn\u0119trzny spok\u00f3j. Pomaga odnale\u017a\u0107 balans oraz dzia\u0142a koj\u0105co na umys\u0142.<\/p>\n<p><strong>Kamie\u0144 ksi\u0119\u017cycowy<\/strong> od wiek\u00f3w uznawany jest za kamie\u0144 intuicji i kobiecej energii \u2013 wspiera wra\u017cliwo\u015b\u0107, wewn\u0119trzn\u0105 m\u0105dro\u015b\u0107 i cykliczno\u015b\u0107 natury.<\/p>\n<p>Z\u0142ota zawieszka ze s\u0142o\u0144cem i kamieniem ksi\u0119\u017cycowym symbolizuje r\u00f3wnowag\u0119 mi\u0119dzy \u015bwiat\u0142em a intuicj\u0105, dniem i noc\u0105 \u2013 przypominaj\u0105c o harmonii przeciwie\u0144stw.<\/p>\n<p>To delikatny talizman dla os\u00f3b, kt\u00f3re chc\u0105 \u017cy\u0107 w zgodzie ze swoj\u0105 intuicj\u0105.<\/p>\n<p><span class=\"html-span xexx8yu xyri2b x18d9i69 x1c1uobl x1hl2dhg x16tdsg8 x1vvkbs x3nfvp2 x1j61x8r x1fcty0u xdj266r xat24cr xm2jcoa x1mpyi22 xxymvpz xlup9mm x1kky2od\"><img loading=\"lazy\" decoding=\"async\" class=\"xz74otr x15mokao x1ga7v0g x16uus16 xbiv7yw\" src=\"https:\/\/static.xx.fbcdn.net\/images\/emoji.php\/v9\/tf4\/1\/16\/2728.png\" alt=\"\u2728\" width=\"16\" height=\"16\" \/><\/span> unikat: ka\u017cdy naszyjnik jest niepowtarzalny<\/p>\n","protected":false},"excerpt":{"rendered":"<p>Naszyjnik \u015awiat\u0142o Intuicji, kolekcja Artefakty Astralne<\/p>\n","protected":false},"featured_media":479,"template":"","meta":[],"product_brand":[],"product_cat":[24],"product_tag":[20],"class_list":{"0":"post-478","1":"product","2":"type-product","3":"status-publish","4":"has-post-thumbnail","6":"product_cat-naszyjniki","7":"product_tag-naszyjnik","9":"first","10":"instock","11":"shipping-taxable","12":"purchasable","13":"product-type-simple"},"_links":{"self":[{"href":"https:\/\/straganik.art\/index.php\/wp-json\/wp\/v2\/product\/478","targetHints":{"allow":["GET"]}}],"collection":[{"href":"https:\/\/straganik.art\/index.php\/wp-json\/wp\/v2\/product"}],"about":[{"href":"https:\/\/straganik.art\/index.php\/wp-json\/wp\/v2\/types\/product"}],"wp:featuredmedia":[{"embeddable":true,"href":"https:\/\/straganik.art\/index.php\/wp-json\/wp\/v2\/media\/479"}],"wp:attachment":[{"href":"https:\/\/straganik.art\/index.php\/wp-json\/wp\/v2\/media?parent=478"}],"wp:term":[{"taxonomy":"product_brand","embeddable":true,"href":"https:\/\/straganik.art\/index.php\/wp-json\/wp\/v2\/product_brand?post=478"},{"taxonomy":"product_cat","embeddable":true,"href":"https:\/\/straganik.art\/index.php\/wp-json\/wp\/v2\/product_cat?post=478"},{"taxonomy":"product_tag","embeddable":true,"href":"https:\/\/straganik.art\/index.php\/wp-json\/wp\/v2\/product_tag?post=478"}],"curies":[{"name":"wp","href":"https:\/\/api.w.org\/{rel}","templated":true}]}}