{"id":463,"date":"2026-03-14T16:58:58","date_gmt":"2026-03-14T16:58:58","guid":{"rendered":"https:\/\/straganik.art\/?post_type=product&#038;p=463"},"modified":"2026-03-15T09:49:18","modified_gmt":"2026-03-15T09:49:18","slug":"naszyjnik-serce-natury","status":"publish","type":"product","link":"https:\/\/straganik.art\/index.php\/produkt\/naszyjnik-serce-natury\/","title":{"rendered":"Naszyjnik Serce Natury"},"content":{"rendered":"<p>Delikatny, r\u0119cznie wykonany naszyjnik z naturalnego <strong>zoisytu z rubinem<\/strong> to po\u0142\u0105czenie energii serca, pasji i harmonii z natur\u0105. Zielone odcienie kamieni symbolizuj\u0105 wzrost i odnow\u0119, a g\u0142\u0119boka czerwie\u0144 rubinu przyci\u0105ga energi\u0119 mi\u0142o\u015bci i wewn\u0119trznej si\u0142y.<\/p>\n<p><strong>Zoisyt z rubinem<\/strong> to kamie\u0144 transformacji \u2013 pomaga odnale\u017a\u0107 r\u00f3wnowag\u0119 mi\u0119dzy sercem a rozumem, wspiera rozw\u00f3j duchowy i dodaje odwagi w pod\u0105\u017caniu w\u0142asn\u0105 \u015bcie\u017ck\u0105.<\/p>\n<p><strong>Rubin<\/strong> od wiek\u00f3w uznawany jest za kamie\u0144 \u017cyciowej energii, nami\u0119tno\u015bci i ochrony emocjonalnej. Centralny kamie\u0144 podkre\u015bla wyj\u0105tkowo\u015b\u0107 naszyjnika, czyni\u0105c go subtelnym, ale wyrazistym talizmanem.<\/p>\n<p>To bi\u017cuteria dla os\u00f3b, kt\u00f3re chc\u0105 \u017cy\u0107 w zgodzie ze sob\u0105 i swoj\u0105 natur\u0105.<\/p>\n<p><span class=\"html-span xexx8yu xyri2b x18d9i69 x1c1uobl x1hl2dhg x16tdsg8 x1vvkbs x3nfvp2 x1j61x8r x1fcty0u xdj266r xat24cr xm2jcoa x1mpyi22 xxymvpz xlup9mm x1kky2od\"><img loading=\"lazy\" decoding=\"async\" class=\"xz74otr x15mokao x1ga7v0g x16uus16 xbiv7yw\" src=\"https:\/\/static.xx.fbcdn.net\/images\/emoji.php\/v9\/tf4\/1\/16\/2728.png\" alt=\"\u2728\" width=\"16\" height=\"16\" \/><\/span> przeznaczenie: talizman serca, bi\u017cuteria codzienna<\/p>\n<p><span class=\"html-span xexx8yu xyri2b x18d9i69 x1c1uobl x1hl2dhg x16tdsg8 x1vvkbs x3nfvp2 x1j61x8r x1fcty0u xdj266r xat24cr xm2jcoa x1mpyi22 xxymvpz xlup9mm x1kky2od\"><img loading=\"lazy\" decoding=\"async\" class=\"xz74otr x15mokao x1ga7v0g x16uus16 xbiv7yw\" src=\"https:\/\/static.xx.fbcdn.net\/images\/emoji.php\/v9\/tf4\/1\/16\/2728.png\" alt=\"\u2728\" width=\"16\" height=\"16\" \/><\/span> unikat: ka\u017cdy egzemplarz mo\u017ce delikatnie r\u00f3\u017cni\u0107 si\u0119 uk\u0142adem kamieni<\/p>\n","protected":false},"excerpt":{"rendered":"<p>Naszyjnik Serce Natury &#8211; kolekcja Artefakty Lasu<\/p>\n","protected":false},"featured_media":477,"template":"","meta":[],"product_brand":[],"product_cat":[24],"product_tag":[20],"class_list":{"0":"post-463","1":"product","2":"type-product","3":"status-publish","4":"has-post-thumbnail","6":"product_cat-naszyjniki","7":"product_tag-naszyjnik","9":"first","10":"instock","11":"shipping-taxable","12":"purchasable","13":"product-type-simple"},"_links":{"self":[{"href":"https:\/\/straganik.art\/index.php\/wp-json\/wp\/v2\/product\/463","targetHints":{"allow":["GET"]}}],"collection":[{"href":"https:\/\/straganik.art\/index.php\/wp-json\/wp\/v2\/product"}],"about":[{"href":"https:\/\/straganik.art\/index.php\/wp-json\/wp\/v2\/types\/product"}],"wp:featuredmedia":[{"embeddable":true,"href":"https:\/\/straganik.art\/index.php\/wp-json\/wp\/v2\/media\/477"}],"wp:attachment":[{"href":"https:\/\/straganik.art\/index.php\/wp-json\/wp\/v2\/media?parent=463"}],"wp:term":[{"taxonomy":"product_brand","embeddable":true,"href":"https:\/\/straganik.art\/index.php\/wp-json\/wp\/v2\/product_brand?post=463"},{"taxonomy":"product_cat","embeddable":true,"href":"https:\/\/straganik.art\/index.php\/wp-json\/wp\/v2\/product_cat?post=463"},{"taxonomy":"product_tag","embeddable":true,"href":"https:\/\/straganik.art\/index.php\/wp-json\/wp\/v2\/product_tag?post=463"}],"curies":[{"name":"wp","href":"https:\/\/api.w.org\/{rel}","templated":true}]}}