{"id":459,"date":"2026-03-12T22:11:28","date_gmt":"2026-03-12T22:11:28","guid":{"rendered":"https:\/\/straganik.art\/?post_type=product&#038;p=459"},"modified":"2026-03-15T09:49:24","modified_gmt":"2026-03-15T09:49:24","slug":"naszyjnik-strazniczka-slonca","status":"publish","type":"product","link":"https:\/\/straganik.art\/index.php\/produkt\/naszyjnik-strazniczka-slonca\/","title":{"rendered":"Naszyjnik Stra\u017cniczka S\u0142o\u0144ca"},"content":{"rendered":"<p>R\u0119cznie wykonany naszyjnik z naturalnego <strong>turkusu afryka\u0144skiego<\/strong> oraz <strong>hematytu<\/strong> to po\u0142\u0105czenie energii ziemi i s\u0142o\u0144ca. Jego naturalne odcienie zieleni, b\u0142\u0119kitu i z\u0142ota przywodz\u0105 na my\u015bl harmoni\u0119 natury i spok\u00f3j p\u0142yn\u0105cy z kontaktu z przyrod\u0105.<\/p>\n<p>Turkus afryka\u0144ski nazywany jest kamieniem przemiany \u2013 wspiera rozw\u00f3j, pomaga odnale\u017a\u0107 w\u0142asn\u0105 drog\u0119 i wzmacnia odwag\u0119 do zmian. Hematyt symbolizuje stabilno\u015b\u0107, ochron\u0119 i wewn\u0119trzn\u0105 si\u0142\u0119, pomagaj\u0105c zachowa\u0107 r\u00f3wnowag\u0119 emocjonaln\u0105.<\/p>\n<p>Centralna zawieszka w kszta\u0142cie s\u0142o\u0144ca symbolizuje \u017cycie, energi\u0119 i odrodzenie \u2013 przypominaj\u0105c o wewn\u0119trznym \u015bwietle, kt\u00f3re ka\u017cdy nosi w sobie.<\/p>\n<p>To wyj\u0105tkowy talizman dla os\u00f3b, kt\u00f3re czuj\u0105 siln\u0105 wi\u0119\u017a z natur\u0105 i szukaj\u0105 bi\u017cuterii z znaczeniem.<\/p>\n<p>Ka\u017cdy egzemplarz jest unikatowy \u2013 naturalne kamienie mog\u0105 delikatnie r\u00f3\u017cni\u0107 si\u0119 odcieniem i struktur\u0105.<\/p>\n","protected":false},"excerpt":{"rendered":"<p>Naszyjnik Stra\u017cniczka S\u0142o\u0144ca, kolekcja Artefakty S\u0142o\u0144ca<\/p>\n","protected":false},"featured_media":460,"template":"","meta":[],"product_brand":[],"product_cat":[24],"product_tag":[20],"class_list":{"0":"post-459","1":"product","2":"type-product","3":"status-publish","4":"has-post-thumbnail","6":"product_cat-naszyjniki","7":"product_tag-naszyjnik","9":"first","10":"instock","11":"shipping-taxable","12":"purchasable","13":"product-type-simple"},"_links":{"self":[{"href":"https:\/\/straganik.art\/index.php\/wp-json\/wp\/v2\/product\/459","targetHints":{"allow":["GET"]}}],"collection":[{"href":"https:\/\/straganik.art\/index.php\/wp-json\/wp\/v2\/product"}],"about":[{"href":"https:\/\/straganik.art\/index.php\/wp-json\/wp\/v2\/types\/product"}],"wp:featuredmedia":[{"embeddable":true,"href":"https:\/\/straganik.art\/index.php\/wp-json\/wp\/v2\/media\/460"}],"wp:attachment":[{"href":"https:\/\/straganik.art\/index.php\/wp-json\/wp\/v2\/media?parent=459"}],"wp:term":[{"taxonomy":"product_brand","embeddable":true,"href":"https:\/\/straganik.art\/index.php\/wp-json\/wp\/v2\/product_brand?post=459"},{"taxonomy":"product_cat","embeddable":true,"href":"https:\/\/straganik.art\/index.php\/wp-json\/wp\/v2\/product_cat?post=459"},{"taxonomy":"product_tag","embeddable":true,"href":"https:\/\/straganik.art\/index.php\/wp-json\/wp\/v2\/product_tag?post=459"}],"curies":[{"name":"wp","href":"https:\/\/api.w.org\/{rel}","templated":true}]}}