{"id":409,"date":"2026-03-12T21:45:48","date_gmt":"2026-03-12T21:45:48","guid":{"rendered":"https:\/\/straganik.art\/?post_type=product&#038;p=409"},"modified":"2026-03-15T09:49:27","modified_gmt":"2026-03-15T09:49:27","slug":"naszyjnik-lunarna-rownowaga","status":"publish","type":"product","link":"https:\/\/straganik.art\/index.php\/produkt\/naszyjnik-lunarna-rownowaga\/","title":{"rendered":"Naszyjnik Lunarna R\u00f3wnowaga"},"content":{"rendered":"<p><span class=\"html-span xexx8yu xyri2b x18d9i69 x1c1uobl x1hl2dhg x16tdsg8 x1vvkbs x3nfvp2 x1j61x8r x1fcty0u xdj266r xat24cr xm2jcoa x1mpyi22 xxymvpz xlup9mm x1kky2od\"><img loading=\"lazy\" decoding=\"async\" class=\"xz74otr x15mokao x1ga7v0g x16uus16 xbiv7yw\" src=\"https:\/\/static.xx.fbcdn.net\/images\/emoji.php\/v9\/t33\/1\/16\/1f319.png\" alt=\"\ud83c\udf19\" width=\"16\" height=\"16\" \/><\/span> Delikatny, r\u0119cznie wykonany naszyjnik stworzony z naturalnego turmalinu oraz hematytu to po\u0142\u0105czenie subtelnej elegancji z symboliczn\u0105 energi\u0105 r\u00f3wnowagi.<\/p>\n<p>Wielobarwny <strong>turmalin<\/strong> uznawany jest za kamie\u0144 harmonii \u2013 wspiera r\u00f3wnowag\u0119 emocjonaln\u0105 i pomaga zachowa\u0107 wewn\u0119trzny spok\u00f3j. Towarzysz\u0105cy mu <strong>hematyt<\/strong> symbolizuje si\u0142\u0119, ugruntowanie i ochron\u0119 energetyczn\u0105, pomagaj\u0105c zachowa\u0107 stabilno\u015b\u0107 w codziennym \u017cyciu. Centralnym punktem naszyjnika jest minimalistyczna zawieszka w kszta\u0142cie ksi\u0119\u017cyca \u2013 symbol intuicji, cykliczno\u015bci i kobiecej energii. To bi\u017cuteria dla os\u00f3b, kt\u00f3re szukaj\u0105 nie tylko ozdoby, ale tak\u017ce przedmiotu z znaczeniem.<\/p>\n<p><span class=\"html-span xexx8yu xyri2b x18d9i69 x1c1uobl x1hl2dhg x16tdsg8 x1vvkbs x3nfvp2 x1j61x8r x1fcty0u xdj266r xat24cr xm2jcoa x1mpyi22 xxymvpz xlup9mm x1kky2od\"><img loading=\"lazy\" decoding=\"async\" class=\"xz74otr x15mokao x1ga7v0g x16uus16 xbiv7yw\" src=\"https:\/\/static.xx.fbcdn.net\/images\/emoji.php\/v9\/tf4\/1\/16\/2728.png\" alt=\"\u2728\" width=\"16\" height=\"16\" \/><\/span> idealny na co dzie\u0144 oraz jako talizman<\/p>\n<p>Ka\u017cdy egzemplarz jest unikatowy \u2013 naturalne kamienie mog\u0105 delikatnie r\u00f3\u017cni\u0107 si\u0119 odcieniem i struktur\u0105.<\/p>\n","protected":false},"excerpt":{"rendered":"<p>Naszyjnik R\u00f3wnowaga, kolekcja Artefakty Ksi\u0119\u017cyca<\/p>\n","protected":false},"featured_media":421,"template":"","meta":[],"product_brand":[],"product_cat":[24],"product_tag":[20],"class_list":{"0":"post-409","1":"product","2":"type-product","3":"status-publish","4":"has-post-thumbnail","6":"product_cat-naszyjniki","7":"product_tag-naszyjnik","9":"first","10":"instock","11":"shipping-taxable","12":"purchasable","13":"product-type-simple"},"_links":{"self":[{"href":"https:\/\/straganik.art\/index.php\/wp-json\/wp\/v2\/product\/409","targetHints":{"allow":["GET"]}}],"collection":[{"href":"https:\/\/straganik.art\/index.php\/wp-json\/wp\/v2\/product"}],"about":[{"href":"https:\/\/straganik.art\/index.php\/wp-json\/wp\/v2\/types\/product"}],"wp:featuredmedia":[{"embeddable":true,"href":"https:\/\/straganik.art\/index.php\/wp-json\/wp\/v2\/media\/421"}],"wp:attachment":[{"href":"https:\/\/straganik.art\/index.php\/wp-json\/wp\/v2\/media?parent=409"}],"wp:term":[{"taxonomy":"product_brand","embeddable":true,"href":"https:\/\/straganik.art\/index.php\/wp-json\/wp\/v2\/product_brand?post=409"},{"taxonomy":"product_cat","embeddable":true,"href":"https:\/\/straganik.art\/index.php\/wp-json\/wp\/v2\/product_cat?post=409"},{"taxonomy":"product_tag","embeddable":true,"href":"https:\/\/straganik.art\/index.php\/wp-json\/wp\/v2\/product_tag?post=409"}],"curies":[{"name":"wp","href":"https:\/\/api.w.org\/{rel}","templated":true}]}}