{"id":404,"date":"2026-03-11T22:33:26","date_gmt":"2026-03-11T22:33:26","guid":{"rendered":"https:\/\/straganik.art\/?post_type=product&#038;p=404"},"modified":"2026-03-15T09:49:31","modified_gmt":"2026-03-15T09:49:31","slug":"szkatulka-serce-magii","status":"publish","type":"product","link":"https:\/\/straganik.art\/index.php\/produkt\/szkatulka-serce-magii\/","title":{"rendered":"Szkatu\u0142ka Serce Magii"},"content":{"rendered":"<p>Wyj\u0105tkowa szkatu\u0142ka wykonana r\u0119cznie z \u017cywicy epoksydowej.<\/p>\n<p>Ma pi\u0119kny geometryczny kszta\u0142t przypominaj\u0105cy kryszta\u0142 oraz eleganckie po\u0142\u0105czenie kolor\u00f3w: z\u0142oto, bordo i czer\u0144 z metalicznym po\u0142yskiem.<\/p>\n<p>&nbsp;<\/p>\n<p>Ka\u017cda sztuka jest unikatowa, dzi\u0119ki r\u0119cznemu wykonaniu wz\u00f3r nigdy si\u0119 nie powtarza.<\/p>\n<p>Idealna do przechowywania:<\/p>\n<p>\u2728 \u00a0bi\u017cuterii<\/p>\n<p>\u2728 \u00a0pier\u015bcionk\u00f3w<\/p>\n<p>\u2728 \u00a0drobiazg\u00f3w<\/p>\n<p>\u2728 \u00a0kryszta\u0142\u00f3w lub talizman\u00f3w<\/p>\n<p>&nbsp;<\/p>\n<p>Mo\u017ce by\u0107 te\u017c pi\u0119kn\u0105 dekoracj\u0105 wn\u0119trza lub wyj\u0105tkowym prezentem.<\/p>\n<p>Wymiar ok: 8,8&#215;8,3 cm<\/p>\n","protected":false},"excerpt":{"rendered":"<p>Szkatu\u0142ka Serce Magii &#8211; kolekcja Artefakty Blasku<\/p>\n","protected":false},"featured_media":457,"template":"","meta":[],"product_brand":[],"product_cat":[33],"product_tag":[61],"class_list":{"0":"post-404","1":"product","2":"type-product","3":"status-publish","4":"has-post-thumbnail","6":"product_cat-dodatki","7":"product_tag-zywica","9":"first","10":"instock","11":"shipping-taxable","12":"purchasable","13":"product-type-simple"},"_links":{"self":[{"href":"https:\/\/straganik.art\/index.php\/wp-json\/wp\/v2\/product\/404","targetHints":{"allow":["GET"]}}],"collection":[{"href":"https:\/\/straganik.art\/index.php\/wp-json\/wp\/v2\/product"}],"about":[{"href":"https:\/\/straganik.art\/index.php\/wp-json\/wp\/v2\/types\/product"}],"wp:featuredmedia":[{"embeddable":true,"href":"https:\/\/straganik.art\/index.php\/wp-json\/wp\/v2\/media\/457"}],"wp:attachment":[{"href":"https:\/\/straganik.art\/index.php\/wp-json\/wp\/v2\/media?parent=404"}],"wp:term":[{"taxonomy":"product_brand","embeddable":true,"href":"https:\/\/straganik.art\/index.php\/wp-json\/wp\/v2\/product_brand?post=404"},{"taxonomy":"product_cat","embeddable":true,"href":"https:\/\/straganik.art\/index.php\/wp-json\/wp\/v2\/product_cat?post=404"},{"taxonomy":"product_tag","embeddable":true,"href":"https:\/\/straganik.art\/index.php\/wp-json\/wp\/v2\/product_tag?post=404"}],"curies":[{"name":"wp","href":"https:\/\/api.w.org\/{rel}","templated":true}]}}