{"id":400,"date":"2026-03-11T22:20:00","date_gmt":"2026-03-11T22:20:00","guid":{"rendered":"https:\/\/straganik.art\/?post_type=product&#038;p=400"},"modified":"2026-03-15T09:49:37","modified_gmt":"2026-03-15T09:49:37","slug":"podstawka-pod-kadzidlo-dzien-i-noc","status":"publish","type":"product","link":"https:\/\/straganik.art\/index.php\/produkt\/podstawka-pod-kadzidlo-dzien-i-noc\/","title":{"rendered":"Podstawka pod kadzid\u0142o Dzie\u0144 i Noc"},"content":{"rendered":"<p>Ta r\u0119cznie wykonana podstawka pod kadzid\u0142o powsta\u0142a z \u017cywicy epoksydowej i symbolizuje harmoni\u0119 mi\u0119dzy dniem a noc\u0105, s\u0142o\u0144cem a ksi\u0119\u017cycem, energi\u0105 dzia\u0142ania i spokojem intuicji.<\/p>\n<p>S\u0142o\u0144ce przypomina o sile, \u017cyciu i wewn\u0119trznym ogniu.<\/p>\n<p>Ksi\u0119\u017cyc prowadzi przez intuicj\u0119, cisz\u0119 i magi\u0119 ukryt\u0105 w nocy.<\/p>\n<p>Kiedy zapalasz kadzid\u0142o, dym symbolicznie przechodzi dok\u0142adnie mi\u0119dzy nimi \u2014 jak most mi\u0119dzy \u015bwiat\u0142em a cieniem.<\/p>\n<p>Bo prawdziwa magia zaczyna si\u0119 wtedy, gdy potrafimy przyj\u0105\u0107 obie strony siebie.<\/p>\n<p>&nbsp;<\/p>\n<p>\u2728 Idealna do rytua\u0142\u00f3w, medytacji lub po prostu do stworzenia magicznej atmosfery w domu.<\/p>\n<p>R\u0119kodzie\u0142o stworzone z intencj\u0105.<\/p>\n<p>\u015arednica ok. 7,5 cm<\/p>\n","protected":false},"excerpt":{"rendered":"<p>Podstawka pod kadzid\u0142o Dzie\u0144 i Noc \u2013 kolekcja Artefakty Astralne<\/p>\n","protected":false},"featured_media":449,"template":"","meta":[],"product_brand":[],"product_cat":[33],"product_tag":[61],"class_list":{"0":"post-400","1":"product","2":"type-product","3":"status-publish","4":"has-post-thumbnail","6":"product_cat-dodatki","7":"product_tag-zywica","9":"first","10":"instock","11":"shipping-taxable","12":"purchasable","13":"product-type-simple"},"_links":{"self":[{"href":"https:\/\/straganik.art\/index.php\/wp-json\/wp\/v2\/product\/400","targetHints":{"allow":["GET"]}}],"collection":[{"href":"https:\/\/straganik.art\/index.php\/wp-json\/wp\/v2\/product"}],"about":[{"href":"https:\/\/straganik.art\/index.php\/wp-json\/wp\/v2\/types\/product"}],"wp:featuredmedia":[{"embeddable":true,"href":"https:\/\/straganik.art\/index.php\/wp-json\/wp\/v2\/media\/449"}],"wp:attachment":[{"href":"https:\/\/straganik.art\/index.php\/wp-json\/wp\/v2\/media?parent=400"}],"wp:term":[{"taxonomy":"product_brand","embeddable":true,"href":"https:\/\/straganik.art\/index.php\/wp-json\/wp\/v2\/product_brand?post=400"},{"taxonomy":"product_cat","embeddable":true,"href":"https:\/\/straganik.art\/index.php\/wp-json\/wp\/v2\/product_cat?post=400"},{"taxonomy":"product_tag","embeddable":true,"href":"https:\/\/straganik.art\/index.php\/wp-json\/wp\/v2\/product_tag?post=400"}],"curies":[{"name":"wp","href":"https:\/\/api.w.org\/{rel}","templated":true}]}}