{"id":374,"date":"2026-03-11T20:58:59","date_gmt":"2026-03-11T20:58:59","guid":{"rendered":"https:\/\/straganik.art\/?post_type=product&#038;p=374"},"modified":"2026-03-15T09:49:46","modified_gmt":"2026-03-15T09:49:46","slug":"lunarna-tacka-intencji","status":"publish","type":"product","link":"https:\/\/straganik.art\/index.php\/produkt\/lunarna-tacka-intencji\/","title":{"rendered":"Lunarna Tacka Intencji"},"content":{"rendered":"<p>Magiczna podstawka wykonana z \u017cywicy epoksydowej, inspirowana energi\u0105 ksi\u0119\u017cyca i sn\u00f3w. Delikatna, mleczna tafla z opalizuj\u0105cymi drobinkami przypomina nocne niebo roz\u015bwietlone gwiazdami oraz fioletowa oprawa dodaj\u0105ca mistycznego charakteru.<\/p>\n<p>Centralny motyw ksi\u0119\u017cyca z pi\u00f3rami symbolizuje intuicj\u0119, ochron\u0119 i po\u0142\u0105czenie z w\u0142asn\u0105 duchow\u0105 \u015bcie\u017ck\u0105. To idealne miejsce na Twoj\u0105 bi\u017cuteri\u0119, kryszta\u0142y, \u015bwiece, kadzid\u0142a, zio\u0142a lub drobne talizmany.<\/p>\n<p>To nie tylko dekoracja \u2014 to przestrze\u0144 na Twoje rytua\u0142y, intencje i codzienn\u0105 magi\u0119.<\/p>\n<p>Jest niesamowita, bo:<\/p>\n<p>\u2728 \u00a0\u00a0r\u0119cznie wykonana<\/p>\n<p>\u2728 \u00a0\u00a0unikatowy egzemplarz<\/p>\n<p>\u2728\u00a0 \u00a0idealna na o\u0142tarzyk, bi\u017cuteri\u0119 lub kryszta\u0142y<\/p>\n<p>\u2728 \u00a0\u00a0pi\u0119kny pomys\u0142 na prezent dla mi\u0142o\u015bnik\u00f3w magii<\/p>\n<p>&nbsp;<\/p>\n<p>Pozw\u00f3l, aby sta\u0142a si\u0119 cz\u0119\u015bci\u0105 Twojej codziennej ceremonii.<\/p>\n<p>Wymiar ok 18&#215;9,5 cm<\/p>\n","protected":false},"excerpt":{"rendered":"<p>Lunarna Taca Intencji- kolekcja Artefakty Ksi\u0119\u017cyca<\/p>\n","protected":false},"featured_media":451,"template":"","meta":[],"product_brand":[],"product_cat":[33],"product_tag":[61],"class_list":{"0":"post-374","1":"product","2":"type-product","3":"status-publish","4":"has-post-thumbnail","6":"product_cat-dodatki","7":"product_tag-zywica","9":"first","10":"instock","11":"shipping-taxable","12":"purchasable","13":"product-type-simple"},"_links":{"self":[{"href":"https:\/\/straganik.art\/index.php\/wp-json\/wp\/v2\/product\/374","targetHints":{"allow":["GET"]}}],"collection":[{"href":"https:\/\/straganik.art\/index.php\/wp-json\/wp\/v2\/product"}],"about":[{"href":"https:\/\/straganik.art\/index.php\/wp-json\/wp\/v2\/types\/product"}],"wp:featuredmedia":[{"embeddable":true,"href":"https:\/\/straganik.art\/index.php\/wp-json\/wp\/v2\/media\/451"}],"wp:attachment":[{"href":"https:\/\/straganik.art\/index.php\/wp-json\/wp\/v2\/media?parent=374"}],"wp:term":[{"taxonomy":"product_brand","embeddable":true,"href":"https:\/\/straganik.art\/index.php\/wp-json\/wp\/v2\/product_brand?post=374"},{"taxonomy":"product_cat","embeddable":true,"href":"https:\/\/straganik.art\/index.php\/wp-json\/wp\/v2\/product_cat?post=374"},{"taxonomy":"product_tag","embeddable":true,"href":"https:\/\/straganik.art\/index.php\/wp-json\/wp\/v2\/product_tag?post=374"}],"curies":[{"name":"wp","href":"https:\/\/api.w.org\/{rel}","templated":true}]}}