{"id":365,"date":"2026-03-11T20:06:47","date_gmt":"2026-03-11T20:06:47","guid":{"rendered":"https:\/\/straganik.art\/?post_type=product&#038;p=365"},"modified":"2026-03-15T09:47:49","modified_gmt":"2026-03-15T09:47:49","slug":"grzyb-mocy-szkatulka-na-sekrety-nie-tylko-wiedzmie","status":"publish","type":"product","link":"https:\/\/straganik.art\/index.php\/produkt\/grzyb-mocy-szkatulka-na-sekrety-nie-tylko-wiedzmie\/","title":{"rendered":"Grzyb Mocy &#8211; szkatu\u0142ka na sekrety nie tylko Wied\u017amie\u00a0"},"content":{"rendered":"<p>Ten niezwyk\u0142y grzyb zosta\u0142 wykonany z \u017cywicy epoksydowej, a jego mieni\u0105ce si\u0119 odcienie fioletu, b\u0142\u0119kitu i r\u00f3\u017cowego z\u0142ota przypominaj\u0105 zorze polarne zamkni\u0119te w magicznej formie. To nie tylko ozdoba \u2013 to ma\u0142a szkatu\u0142ka na Twoje intencje, kryszta\u0142y, bi\u017cuteri\u0119 lub wszystko to, co ma dla Ciebie szczeg\u00f3lne znaczenie.<\/p>\n<p>Symbol grzyba od wiek\u00f3w kojarzony jest z tajemnic\u0105, natur\u0105 i \u015bwiatem ukrytym mi\u0119dzy tym, co widzialne i niewidzialne\u2026 idealny dodatek do wystroju wn\u0119trza, przestrzeni medytacyjnej lub jako amulet Twojej codziennej magii.<\/p>\n<p>Jest wyj\u0105tkowy bo:<\/p>\n<p><span class=\"html-span xexx8yu xyri2b x18d9i69 x1c1uobl x1hl2dhg x16tdsg8 x1vvkbs x3nfvp2 x1j61x8r x1fcty0u xdj266r xat24cr xm2jcoa x1mpyi22 xxymvpz xlup9mm x1kky2od\"><img loading=\"lazy\" decoding=\"async\" class=\"xz74otr x15mokao x1ga7v0g x16uus16 xbiv7yw\" src=\"https:\/\/static.xx.fbcdn.net\/images\/emoji.php\/v9\/tf4\/1\/16\/2728.png\" alt=\"\u2728\" width=\"16\" height=\"16\" \/><\/span> r\u0119cznie wykonany<\/p>\n<p><span class=\"html-span xexx8yu xyri2b x18d9i69 x1c1uobl x1hl2dhg x16tdsg8 x1vvkbs x3nfvp2 x1j61x8r x1fcty0u xdj266r xat24cr xm2jcoa x1mpyi22 xxymvpz xlup9mm x1kky2od\"><img loading=\"lazy\" decoding=\"async\" class=\"xz74otr x15mokao x1ga7v0g x16uus16 xbiv7yw\" src=\"https:\/\/static.xx.fbcdn.net\/images\/emoji.php\/v9\/tf4\/1\/16\/2728.png\" alt=\"\u2728\" width=\"16\" height=\"16\" \/><\/span> unikatowy egzemplarz<\/p>\n<p><span class=\"html-span xexx8yu xyri2b x18d9i69 x1c1uobl x1hl2dhg x16tdsg8 x1vvkbs x3nfvp2 x1j61x8r x1fcty0u xdj266r xat24cr xm2jcoa x1mpyi22 xxymvpz xlup9mm x1kky2od\"><img loading=\"lazy\" decoding=\"async\" class=\"xz74otr x15mokao x1ga7v0g x16uus16 xbiv7yw\" src=\"https:\/\/static.xx.fbcdn.net\/images\/emoji.php\/v9\/tf4\/1\/16\/2728.png\" alt=\"\u2728\" width=\"16\" height=\"16\" \/><\/span> idealny na bi\u017cuteri\u0119 lub drobne skarby<\/p>\n<p><span class=\"html-span xexx8yu xyri2b x18d9i69 x1c1uobl x1hl2dhg x16tdsg8 x1vvkbs x3nfvp2 x1j61x8r x1fcty0u xdj266r xat24cr xm2jcoa x1mpyi22 xxymvpz xlup9mm x1kky2od\"><img loading=\"lazy\" decoding=\"async\" class=\"xz74otr x15mokao x1ga7v0g x16uus16 xbiv7yw\" src=\"https:\/\/static.xx.fbcdn.net\/images\/emoji.php\/v9\/tf4\/1\/16\/2728.png\" alt=\"\u2728\" width=\"16\" height=\"16\" \/><\/span> dekoracja w klimacie witchy \/ fantasy<\/p>\n<p><span class=\"html-span xexx8yu xyri2b x18d9i69 x1c1uobl x1hl2dhg x16tdsg8 x1vvkbs x3nfvp2 x1j61x8r x1fcty0u xdj266r xat24cr xm2jcoa x1mpyi22 xxymvpz xlup9mm x1kky2od\"><img loading=\"lazy\" decoding=\"async\" class=\"xz74otr x15mokao x1ga7v0g x16uus16 xbiv7yw\" src=\"https:\/\/static.xx.fbcdn.net\/images\/emoji.php\/v9\/tf4\/1\/16\/2728.png\" alt=\"\u2728\" width=\"16\" height=\"16\" \/><\/span> pi\u0119kny element ezoterycznego wn\u0119trza<\/p>\n<p>Dla tych, kt\u00f3rzy wiedz\u0105, \u017ce magia jest w detalach.<\/p>\n<p>Wymiary: wysoko\u015b\u0107 ok 10 cm (5,5 cm pojemniczek oraz 4,5 cm kapelutek), szeroko\u015b\u0107 w najszerszym miejscu ok 9 cm.<\/p>\n","protected":false},"excerpt":{"rendered":"<p>Grzyb Mocy &#8211; kolekcja\u00a0 Artefakty Lasu<\/p>\n","protected":false},"featured_media":450,"template":"","meta":[],"product_brand":[],"product_cat":[33],"product_tag":[61],"class_list":{"0":"post-365","1":"product","2":"type-product","3":"status-publish","4":"has-post-thumbnail","6":"product_cat-dodatki","7":"product_tag-zywica","9":"first","10":"instock","11":"shipping-taxable","12":"purchasable","13":"product-type-simple"},"_links":{"self":[{"href":"https:\/\/straganik.art\/index.php\/wp-json\/wp\/v2\/product\/365","targetHints":{"allow":["GET"]}}],"collection":[{"href":"https:\/\/straganik.art\/index.php\/wp-json\/wp\/v2\/product"}],"about":[{"href":"https:\/\/straganik.art\/index.php\/wp-json\/wp\/v2\/types\/product"}],"wp:featuredmedia":[{"embeddable":true,"href":"https:\/\/straganik.art\/index.php\/wp-json\/wp\/v2\/media\/450"}],"wp:attachment":[{"href":"https:\/\/straganik.art\/index.php\/wp-json\/wp\/v2\/media?parent=365"}],"wp:term":[{"taxonomy":"product_brand","embeddable":true,"href":"https:\/\/straganik.art\/index.php\/wp-json\/wp\/v2\/product_brand?post=365"},{"taxonomy":"product_cat","embeddable":true,"href":"https:\/\/straganik.art\/index.php\/wp-json\/wp\/v2\/product_cat?post=365"},{"taxonomy":"product_tag","embeddable":true,"href":"https:\/\/straganik.art\/index.php\/wp-json\/wp\/v2\/product_tag?post=365"}],"curies":[{"name":"wp","href":"https:\/\/api.w.org\/{rel}","templated":true}]}}