{"id":316,"date":"2024-12-19T16:03:10","date_gmt":"2024-12-19T16:03:10","guid":{"rendered":"https:\/\/straganik.art\/?post_type=product&#038;p=316"},"modified":"2026-03-15T10:48:25","modified_gmt":"2026-03-15T10:48:25","slug":"naszyjnik-z-jaspisem-krajobrazowym-unikat","status":"publish","type":"product","link":"https:\/\/straganik.art\/index.php\/produkt\/naszyjnik-z-jaspisem-krajobrazowym-unikat\/","title":{"rendered":"Naszyjnik z Jaspisem Krajobrazowym \u2013 Unikat"},"content":{"rendered":"<p>Niezwyk\u0142y, r\u0119cznie robiony naszyjnik z Jaspisem Krajobrazowym o geometrycznym kszta\u0142cie zbli\u017conym do rombu. Ten wyj\u0105tkowy kamie\u0144 jest otoczony delikatn\u0105 opraw\u0105 z drobnych koralik\u00f3w w kolorach be\u017cowo-br\u0105zowych, kt\u00f3re doskonale komponuj\u0105 si\u0119 z jego naturalnym pi\u0119knem. Dodatkowo, w wisiorek s\u0105 wplecione subtelne szklane kamyczki, kt\u00f3re dodaj\u0105 mu delikatnego blasku i sprawiaj\u0105, \u017ce jest jeszcze bardziej unikatowy. Koralikowy \u0142a\u0144cuszek dodaje naszyjnikowi wyj\u0105tkowego uroku, podkre\u015bla jego wyj\u0105tkowy charakter, dodaje subtelno\u015bci i lekko\u015bci.<br \/>\n<strong>Jaspis krajobrazowy to kamie\u0144 o wyj\u0105tkowych wzorach, kt\u00f3re przywo\u0142uj\u0105 na my\u015bl malownicze krajobrazy natury. Energia tego minera\u0142u jest g\u0142\u0119boko zakorzeniona w ziemi i naturze. Ten kamie\u0144 jest znany ze swoich stabilizuj\u0105cych w\u0142a\u015bciwo\u015bci, pomagaj\u0105c osi\u0105gn\u0105\u0107 wewn\u0119trzn\u0105 r\u00f3wnowag\u0119 i harmoni\u0119. Jego obecno\u015b\u0107 mo\u017ce przynie\u015b\u0107 uczucie spokoju, a tak\u017ce pewno\u015bci, \u017ce jeste\u015bmy zakorzenieni i zwi\u0105zani z naszym otoczeniem. Jaspis krajobrazowy ma r\u00f3wnie\u017c warto\u015b\u0107 oczyszczaj\u0105c\u0105 i ochronn\u0105. Mo\u017ce pom\u00f3c w usuwaniu negatywnej energii, otwieraj\u0105c drog\u0119 dla pozytywnych wp\u0142yw\u00f3w.<\/strong><br \/>\nRozmiar wisiorka 6,0 cm x 4,0 cm. W zestawie koralikowy la\u0144cuszek o d\u0142ugo\u015bci ok. 47 + 2 cm. Zapi\u0119cie ze stali medycznej.<br \/>\nElementy metalowe w kontakcie z wod\u0105, kosmetykami czy detergentami, wskutek zachodz\u0105cych reakcji chemicznych, z czasem mog\u0105 zmieni\u0107 kolor.<br \/>\nNaszyjnik mo\u017cna wykona\u0107 o podobnym kszta\u0142cie z innym kamyczkiem lub ca\u0142kowicie inny wg. w\u0142asnego pomys\u0142u, poniewa\u017c ka\u017cdy kamie\u0144 naturalny jest inny.<br \/>\n<strong>Do ka\u017cdego zam\u00f3wienia jest do\u0142\u0105czone Przes\u0142anie od Wszech\u015bwiata. Jest to karta Oracle wylosowana specjalnie do zam\u00f3wienia.<\/strong><\/p>\n","protected":false},"excerpt":{"rendered":"<p>Niezwyk\u0142y, r\u0119cznie robiony naszyjnik z Jaspisem Krajobrazowym o geometrycznym kszta\u0142cie zbli\u017conym do rombu.<\/p>\n","protected":false},"featured_media":317,"template":"","meta":[],"product_brand":[],"product_cat":[15],"product_tag":[62,20],"class_list":{"0":"post-316","1":"product","2":"type-product","3":"status-publish","4":"has-post-thumbnail","6":"product_cat-bez-kategorii","7":"product_tag-kamien-naturalny","8":"product_tag-naszyjnik","10":"first","11":"instock","12":"sale","13":"shipping-taxable","14":"purchasable","15":"product-type-simple"},"_links":{"self":[{"href":"https:\/\/straganik.art\/index.php\/wp-json\/wp\/v2\/product\/316","targetHints":{"allow":["GET"]}}],"collection":[{"href":"https:\/\/straganik.art\/index.php\/wp-json\/wp\/v2\/product"}],"about":[{"href":"https:\/\/straganik.art\/index.php\/wp-json\/wp\/v2\/types\/product"}],"wp:featuredmedia":[{"embeddable":true,"href":"https:\/\/straganik.art\/index.php\/wp-json\/wp\/v2\/media\/317"}],"wp:attachment":[{"href":"https:\/\/straganik.art\/index.php\/wp-json\/wp\/v2\/media?parent=316"}],"wp:term":[{"taxonomy":"product_brand","embeddable":true,"href":"https:\/\/straganik.art\/index.php\/wp-json\/wp\/v2\/product_brand?post=316"},{"taxonomy":"product_cat","embeddable":true,"href":"https:\/\/straganik.art\/index.php\/wp-json\/wp\/v2\/product_cat?post=316"},{"taxonomy":"product_tag","embeddable":true,"href":"https:\/\/straganik.art\/index.php\/wp-json\/wp\/v2\/product_tag?post=316"}],"curies":[{"name":"wp","href":"https:\/\/api.w.org\/{rel}","templated":true}]}}