{"id":313,"date":"2024-12-19T14:04:11","date_gmt":"2024-12-19T14:04:11","guid":{"rendered":"https:\/\/straganik.art\/?post_type=product&#038;p=313"},"modified":"2026-03-15T10:48:22","modified_gmt":"2026-03-15T10:48:22","slug":"naszyjnik-z-opalem-dendrytowym-unikat","status":"publish","type":"product","link":"https:\/\/straganik.art\/index.php\/produkt\/naszyjnik-z-opalem-dendrytowym-unikat\/","title":{"rendered":"Naszyjnik z Opalem Dendrytowym \u2013 Unikat"},"content":{"rendered":"<p>Wyj\u0105tkowy, r\u0119cznie robiony wisiorek z Opalem Dendrytowym, opleciony koralikami w mleczno bia\u0142ych kolorach. Ten niezwyk\u0142y naszyjnik to nie tylko pi\u0119kna ozdoba, ale r\u00f3wnie\u017c talizman, kt\u00f3ry przypomina nam o naszej \u0142\u0105czno\u015bci z natur\u0105 i tajemnicami wszech\u015bwiata. Jest idealnym prezentem dla bliskiej osoby lub wyj\u0105tkowym sposobem na wyra\u017cenie swojej indywidualno\u015bci.<br \/>\n<strong>Opal Dendrytowy to kamie\u0144 o magicznych w\u0142a\u015bciwo\u015bciach, kt\u00f3ry zachwyca swoimi unikalnymi wzorami i kolorem. Jego pi\u0119kne, naturalne inkluzje przypominaj\u0105 miniatury drzew i ro\u015blin, dodaj\u0105c mu niepowtarzalnego uroku. Jest symbolem natury i harmonii, a tak\u017ce wi\u0105\u017ce si\u0119 z wewn\u0119trznym spokojem i r\u00f3wnowag\u0105. Ten minera\u0142 jest niezwyk\u0142ym narz\u0119dziem do samorozwoju. Ten kamie\u0144 przynosi ze sob\u0105 energetyczne wsparcie i inspiracj\u0119 do zrozumienia naszych do\u015bwiadcze\u0144. Jego obecno\u015b\u0107 w postaci wisiorku jest jak ma\u0142e przypomnienie o sile, kt\u00f3r\u0105 posiadamy, aby przezwyci\u0119\u017ca\u0107 trudno\u015bci i rozwija\u0107 si\u0119 duchowo.<\/strong><br \/>\nRozmiar wisiorka 4,9 cm x 3,1 cm. W zestawie la\u0144cuszek ze stali medycznej w kolorze srebra o d\u0142ugo\u015bci 45 cm. Wszytkie elementy matalowe s\u0105 ze stali medycznej.<br \/>\nElementy metalowe w kontakcie z wod\u0105, kosmetykami czy detergentami, wskutek zachodz\u0105cych reakcji chemicznych, z czasem mog\u0105 zmieni\u0107 kolor.<br \/>\nNaszyjnik mo\u017cna wykona\u0107 o podobnym kszta\u0142cie z innym kamyczkiem lub ca\u0142kowicie inny wg. w\u0142asnego pomys\u0142u, poniewa\u017c ka\u017cdy kamie\u0144 naturalny jest inny.<br \/>\n<strong>Do ka\u017cdego zam\u00f3wienia jest do\u0142\u0105czone Przes\u0142anie od Wszech\u015bwiata. Jest to karta Oracle wylosowana specjalnie do zam\u00f3wienia.<\/strong><\/p>\n","protected":false},"excerpt":{"rendered":"<p>Wyj\u0105tkowy, r\u0119cznie robiony wisiorek z Opalem Dendrytowym.<\/p>\n","protected":false},"featured_media":314,"template":"","meta":[],"product_brand":[],"product_cat":[24],"product_tag":[62,20],"class_list":{"0":"post-313","1":"product","2":"type-product","3":"status-publish","4":"has-post-thumbnail","6":"product_cat-naszyjniki","7":"product_tag-kamien-naturalny","8":"product_tag-naszyjnik","10":"first","11":"instock","12":"sale","13":"shipping-taxable","14":"purchasable","15":"product-type-simple"},"_links":{"self":[{"href":"https:\/\/straganik.art\/index.php\/wp-json\/wp\/v2\/product\/313","targetHints":{"allow":["GET"]}}],"collection":[{"href":"https:\/\/straganik.art\/index.php\/wp-json\/wp\/v2\/product"}],"about":[{"href":"https:\/\/straganik.art\/index.php\/wp-json\/wp\/v2\/types\/product"}],"wp:featuredmedia":[{"embeddable":true,"href":"https:\/\/straganik.art\/index.php\/wp-json\/wp\/v2\/media\/314"}],"wp:attachment":[{"href":"https:\/\/straganik.art\/index.php\/wp-json\/wp\/v2\/media?parent=313"}],"wp:term":[{"taxonomy":"product_brand","embeddable":true,"href":"https:\/\/straganik.art\/index.php\/wp-json\/wp\/v2\/product_brand?post=313"},{"taxonomy":"product_cat","embeddable":true,"href":"https:\/\/straganik.art\/index.php\/wp-json\/wp\/v2\/product_cat?post=313"},{"taxonomy":"product_tag","embeddable":true,"href":"https:\/\/straganik.art\/index.php\/wp-json\/wp\/v2\/product_tag?post=313"}],"curies":[{"name":"wp","href":"https:\/\/api.w.org\/{rel}","templated":true}]}}