{"id":271,"date":"2024-10-15T09:55:40","date_gmt":"2024-10-15T09:55:40","guid":{"rendered":"https:\/\/straganik.art\/?post_type=product&#038;p=271"},"modified":"2026-02-08T20:18:52","modified_gmt":"2026-02-08T20:18:52","slug":"swieca-poludnica","status":"publish","type":"product","link":"https:\/\/straganik.art\/index.php\/produkt\/swieca-poludnica\/","title":{"rendered":"\u015awieca Po\u0142udnica"},"content":{"rendered":"","protected":false},"excerpt":{"rendered":"<p>\u015awieca rzepakowa o zapachu palonego drewna.<\/p>\n<p>Ozdobiona onyksem<\/p>\n<p>Pojemno\u015b\u0107 120 ml<\/p>\n","protected":false},"featured_media":272,"template":"","meta":[],"product_brand":[],"product_cat":[31],"product_tag":[],"class_list":{"0":"post-271","1":"product","2":"type-product","3":"status-publish","4":"has-post-thumbnail","6":"product_cat-swiece","8":"first","9":"instock","10":"shipping-taxable","11":"purchasable","12":"product-type-simple"},"_links":{"self":[{"href":"https:\/\/straganik.art\/index.php\/wp-json\/wp\/v2\/product\/271","targetHints":{"allow":["GET"]}}],"collection":[{"href":"https:\/\/straganik.art\/index.php\/wp-json\/wp\/v2\/product"}],"about":[{"href":"https:\/\/straganik.art\/index.php\/wp-json\/wp\/v2\/types\/product"}],"wp:featuredmedia":[{"embeddable":true,"href":"https:\/\/straganik.art\/index.php\/wp-json\/wp\/v2\/media\/272"}],"wp:attachment":[{"href":"https:\/\/straganik.art\/index.php\/wp-json\/wp\/v2\/media?parent=271"}],"wp:term":[{"taxonomy":"product_brand","embeddable":true,"href":"https:\/\/straganik.art\/index.php\/wp-json\/wp\/v2\/product_brand?post=271"},{"taxonomy":"product_cat","embeddable":true,"href":"https:\/\/straganik.art\/index.php\/wp-json\/wp\/v2\/product_cat?post=271"},{"taxonomy":"product_tag","embeddable":true,"href":"https:\/\/straganik.art\/index.php\/wp-json\/wp\/v2\/product_tag?post=271"}],"curies":[{"name":"wp","href":"https:\/\/api.w.org\/{rel}","templated":true}]}}