{"id":190,"date":"2024-09-01T18:19:30","date_gmt":"2024-09-01T18:19:30","guid":{"rendered":"https:\/\/straganik.art\/?post_type=product&#038;p=190"},"modified":"2026-02-08T20:18:52","modified_gmt":"2026-02-08T20:18:52","slug":"amulet-z-chryzokola-i-malachitem-unikat","status":"publish","type":"product","link":"https:\/\/straganik.art\/index.php\/produkt\/amulet-z-chryzokola-i-malachitem-unikat\/","title":{"rendered":"Amulet z Chryzokol\u0105 i Malachitem &#8211; Unikat"},"content":{"rendered":"<p><span style=\"font-family: 'Lato', sans-serif;font-size: 18px\">Wyj\u0105tkowy, r\u0119cznie robiony wisiorek z Opalem Dendrytowym, wok\u00f3\u0142 owini\u0119ty koralikowym &#8222;barankiem&#8221; z dodatkiem kamyczk\u00f3w Chryzokoli. Zawieszony na \u0142a\u0144cuszku ze stali medycznej w kolorze z\u0142ota. Ten wisiorek nie tylko zachwyca swoim pi\u0119knem, ale r\u00f3wnie\u017c zostanie Twoim osobistym talizmanem, gotowym do spe\u0142nienia twojej aktualnej intencji. Ciesz si\u0119 jego obecno\u015bci\u0105 i odnajd\u017a w nim rado\u015b\u0107.<\/span><span style=\"font-weight: 400;font-family: 'Lato', sans-serif;font-size: 18px\"><br \/>\n<strong>Malachit &#8211; to niezwyk\u0142y minera\u0142, nios\u0105cy ze sob\u0105 harmoni\u0119, spok\u00f3j i r\u00f3wnowag\u0119. Jego si\u0142a przejawia si\u0119 w dostarczaniu szcz\u0119\u015bcia dla dobrych i uczciwych os\u00f3b, kt\u00f3re potrzebuj\u0105 dodatkowego wsparcia. Minera\u0142 ten posiada tak\u017ce niezwyk\u0142\u0105 zdolno\u015b\u0107 do widzenia i niwelowania wszelkich form negatywnej energii wok\u00f3\u0142. Ta w\u0142a\u015bciwo\u015b\u0107 staje si\u0119 kluczowa w kontek\u015bcie relacji rodzinnych, przynosz\u0105c spok\u00f3j i harmoni\u0119. Malachit pomaga w rozwi\u0105zaniu konflikt\u00f3w i nieporozumie\u0144, \u0142agodz\u0105c &#8222;ostre k\u0105ty&#8221; relacji, a jego bezk\u0105towy wz\u00f3r symbolizuje bezwarunkow\u0105 mi\u0142o\u015b\u0107 i akceptacj\u0119.<\/strong><\/span><span style=\"font-weight: 400;font-family: 'Lato', sans-serif;font-size: 18px\"><br \/>\n<strong>Chryzokola to niezwyk\u0142y kamie\u0144, kt\u00f3ry nie tylko wzmacnia nasz\u0105 zdolno\u015b\u0107 do komunikacji, ale tak\u017ce niesie g\u0142\u0119bok\u0105 m\u0105dro\u015b\u0107 i harmoni\u0119. Jego zielonkawo-niebieski kolor uspokaja umys\u0142, wyzwala negatywne energie, a jednocze\u015bnie otwiera nas na prawd\u0119 oraz wspiera nasz\u0105 empati\u0119. Jest to minera\u0142 kobiecych energii, ucz\u0105cym, \u017ce prawdziw\u0105 moc najlepiej wyra\u017ca \u0142agodno\u015b\u0107.<\/strong><br \/>\nRozmiar wisiorka 4,5 cm x 3,0 cm wraz z zawieszk\u0105 (3,5 cm x 3,0 cm sam wisiorek). W zestawie \u0142a\u0144cuszek ze stali medycznej w kolorze z\u0142ota o d\u0142ugo\u015bci 45 cm. Wszystkie elementy metalowe s\u0105 ze stali medycznej.<br \/>\nElementy metalowe w kontakcie z wod\u0105, kosmetykami czy detergentami, wskutek zachodz\u0105cych reakcji chemicznych, z czasem mog\u0105 zmieni\u0107 kolor.<br \/>\n<\/span><strong><span style=\"font-family: Lato, sans-serif;font-size: 18px\">Do ka\u017cdego zam\u00f3wienia jest do\u0142\u0105czone Przes\u0142anie od Wszech\u015bwiata <img loading=\"lazy\" decoding=\"async\" src=\"https:\/\/static.xx.fbcdn.net\/images\/emoji.php\/v9\/tf3\/1.5\/16\/2764.png\" alt=\"\u2764\ufe0f\" width=\"16\" height=\"16\" \/> Jest to karta Oracle wylosowana specjalnie do zam\u00f3wienia.<\/span><\/strong><\/p>\n","protected":false},"excerpt":{"rendered":"<p><span style=\"font-family: 'Lato', sans-serif;font-size: 18px\">Wyj\u0105tkowy, r\u0119cznie robiony wisiorek z Opalem Dendrytowym, wok\u00f3\u0142 owini\u0119ty koralikowym &#8222;barankiem&#8221; z dodatkiem kamyczk\u00f3w Chryzokoli.<\/span><\/p>\n","protected":false},"featured_media":193,"template":"","meta":[],"product_brand":[],"product_cat":[24],"product_tag":[62,20],"class_list":{"0":"post-190","1":"product","2":"type-product","3":"status-publish","4":"has-post-thumbnail","6":"product_cat-naszyjniki","7":"product_tag-kamien-naturalny","8":"product_tag-naszyjnik","10":"first","11":"instock","12":"sale","13":"shipping-taxable","14":"purchasable","15":"product-type-simple"},"_links":{"self":[{"href":"https:\/\/straganik.art\/index.php\/wp-json\/wp\/v2\/product\/190","targetHints":{"allow":["GET"]}}],"collection":[{"href":"https:\/\/straganik.art\/index.php\/wp-json\/wp\/v2\/product"}],"about":[{"href":"https:\/\/straganik.art\/index.php\/wp-json\/wp\/v2\/types\/product"}],"wp:featuredmedia":[{"embeddable":true,"href":"https:\/\/straganik.art\/index.php\/wp-json\/wp\/v2\/media\/193"}],"wp:attachment":[{"href":"https:\/\/straganik.art\/index.php\/wp-json\/wp\/v2\/media?parent=190"}],"wp:term":[{"taxonomy":"product_brand","embeddable":true,"href":"https:\/\/straganik.art\/index.php\/wp-json\/wp\/v2\/product_brand?post=190"},{"taxonomy":"product_cat","embeddable":true,"href":"https:\/\/straganik.art\/index.php\/wp-json\/wp\/v2\/product_cat?post=190"},{"taxonomy":"product_tag","embeddable":true,"href":"https:\/\/straganik.art\/index.php\/wp-json\/wp\/v2\/product_tag?post=190"}],"curies":[{"name":"wp","href":"https:\/\/api.w.org\/{rel}","templated":true}]}}